{"id":3290,"date":"2023-02-14T10:45:54","date_gmt":"2023-02-14T10:45:54","guid":{"rendered":"https:\/\/moros.com\/vertretungen\/"},"modified":"2025-05-02T07:20:17","modified_gmt":"2025-05-02T07:20:17","slug":"vertretungen","status":"publish","type":"page","link":"https:\/\/moros.com\/de\/vertretungen\/","title":{"rendered":"Vertretungen"},"content":{"rendered":"<p><div class=\"fusion-fullwidth fullwidth-box fusion-builder-row-1 fusion-flex-container has-pattern-background has-mask-background nonhundred-percent-fullwidth non-hundred-percent-height-scrolling\" style=\"--awb-border-radius-top-left:0px;--awb-border-radius-top-right:0px;--awb-border-radius-bottom-right:0px;--awb-border-radius-bottom-left:0px;--awb-background-color:var(--awb-color6);--awb-flex-wrap:wrap;\" ><div class=\"fusion-builder-row fusion-row fusion-flex-align-items-center fusion-flex-content-wrap\" style=\"max-width:1248px;margin-left: calc(-4% \/ 2 );margin-right: calc(-4% \/ 2 );\"><div class=\"fusion-layout-column fusion_builder_column fusion-builder-column-0 fusion_builder_column_1_1 1_1 fusion-flex-column\" style=\"--awb-bg-size:cover;--awb-width-large:100%;--awb-margin-top-large:0px;--awb-spacing-right-large:1.92%;--awb-margin-bottom-large:10px;--awb-spacing-left-large:1.92%;--awb-width-medium:100%;--awb-order-medium:0;--awb-spacing-right-medium:1.92%;--awb-spacing-left-medium:1.92%;--awb-width-small:100%;--awb-order-small:0;--awb-spacing-right-small:1.92%;--awb-spacing-left-small:1.92%;\"><div class=\"fusion-column-wrapper fusion-column-has-shadow fusion-flex-justify-content-flex-start fusion-content-layout-column\"><div class=\"fusion-title title fusion-title-1 fusion-sep-none fusion-title-text fusion-title-size-one\" style=\"--awb-text-color:var(--awb-color1);--awb-margin-bottom:5px;--awb-margin-top-small:10px;--awb-margin-right-small:0px;--awb-margin-bottom-small:10px;--awb-margin-left-small:0px;--awb-font-size:var(--awb-typography2-font-size);\"><h1 class=\"fusion-title-heading title-heading-left\" style=\"font-family:var(--awb-typography2-font-family);font-weight:var(--awb-typography2-font-weight);font-style:var(--awb-typography2-font-style);margin:0;letter-spacing:var(--awb-typography2-letter-spacing);text-transform:uppercase;font-size:1em;line-height:var(--awb-typography2-line-height);\">Vertretungen<\/h1><\/div><nav class=\"fusion-breadcrumbs awb-yoast-breadcrumbs fusion-breadcrumbs-1\" style=\"--awb-breadcrumb-sep:&#039;&gt;&#039;;\" aria-label=\"Breadcrumb\"><ol class=\"awb-breadcrumb-list\"><li class=\"fusion-breadcrumb-item awb-breadcrumb-sep awb-home\" ><a href=\"https:\/\/moros.com\/de\/\" class=\"fusion-breadcrumb-link\"><span >Home<\/span><\/a><\/li><\/ol><\/nav><\/div><\/div><\/div><\/div>\n<div class=\"fusion-fullwidth fullwidth-box fusion-builder-row-2 fusion-flex-container has-pattern-background has-mask-background fusion-parallax-none nonhundred-percent-fullwidth non-hundred-percent-height-scrolling main-bg\" style=\"--awb-background-position:left top;--awb-border-radius-top-left:0px;--awb-border-radius-top-right:0px;--awb-border-radius-bottom-right:0px;--awb-border-radius-bottom-left:0px;--awb-margin-top:40px;--awb-background-image:url(&quot;https:\/\/moros.com\/wp-content\/uploads\/2023\/02\/bg-logo.svg&quot;);--awb-background-size:cover;--awb-flex-wrap:wrap;\" ><div class=\"fusion-builder-row fusion-row fusion-flex-align-items-flex-start fusion-flex-content-wrap\" style=\"max-width:1248px;margin-left: calc(-4% \/ 2 );margin-right: calc(-4% \/ 2 );\"><div class=\"fusion-layout-column fusion_builder_column fusion-builder-column-1 fusion_builder_column_1_1 1_1 fusion-flex-column\" style=\"--awb-bg-size:cover;--awb-width-large:100%;--awb-margin-top-large:0px;--awb-spacing-right-large:1.92%;--awb-margin-bottom-large:20px;--awb-spacing-left-large:1.92%;--awb-width-medium:100%;--awb-order-medium:0;--awb-spacing-right-medium:1.92%;--awb-spacing-left-medium:1.92%;--awb-width-small:100%;--awb-order-small:0;--awb-spacing-right-small:1.92%;--awb-spacing-left-small:1.92%;\"><div class=\"fusion-column-wrapper fusion-column-has-shadow fusion-flex-justify-content-flex-start fusion-content-layout-column\"><div class=\"fusion-title title fusion-title-2 fusion-sep-none fusion-title-text fusion-title-size-three\" style=\"--awb-margin-top-small:10px;--awb-margin-right-small:0px;--awb-margin-bottom-small:10px;--awb-margin-left-small:0px;--awb-font-size:var(--awb-typography2-font-size);\"><h3 class=\"fusion-title-heading title-heading-left\" style=\"font-family:var(--awb-typography2-font-family);font-weight:var(--awb-typography2-font-weight);font-style:var(--awb-typography2-font-style);margin:0;letter-spacing:var(--awb-typography2-letter-spacing);text-transform:var(--awb-typography2-text-transform);font-size:1em;line-height:var(--awb-typography2-line-height);\">Nehmen Sie mit unseren Vertetern weltweit Kontakt auf<\/h3><\/div><div class=\"fusion-text fusion-text-1\"><p>Australien \u00b7 Balkan \u00b7 Wei\u03b2russland, Ukraine und Baltenrepubliken \u00b7 Benelux \u00b7 Brasilien \u00b7 Chile \u00b7 Argentinien \u00b7 Ekuador, Bolivien und Paraguay \u00b7 China \u00b7 Frankreich \u00b7 Deutschland \u00b7 Griechenland \u00b7 Israel \u00b7 Italien \u00b7 Japan \u00b7 Mexiko \u00b7 Mittelost \u00b7 Polen \u00b7 Russland, Kasachstan, Turkmenistan, Usbekistan, Kirgistan, Tadschikistan und Mongolei \u00b7 Serbien \u00b7 S\u00fcdafrika \u00b7 T\u00fcrkei \u00b7 Grossbritannien und Irland \u00b7 USA und Kanada.<\/p>\n<\/div><div class=\"fusion-image-element \" style=\"text-align:center;--awb-caption-title-font-family:var(--h2_typography-font-family);--awb-caption-title-font-weight:var(--h2_typography-font-weight);--awb-caption-title-font-style:var(--h2_typography-font-style);--awb-caption-title-size:var(--h2_typography-font-size);--awb-caption-title-transform:var(--h2_typography-text-transform);--awb-caption-title-line-height:var(--h2_typography-line-height);--awb-caption-title-letter-spacing:var(--h2_typography-letter-spacing);\"><span class=\" fusion-imageframe imageframe-none imageframe-1 hover-type-none\"><img decoding=\"async\" width=\"1746\" height=\"876\" title=\"mapa-agentes-moros\" src=\"https:\/\/moros.com\/wp-content\/uploads\/2023\/02\/mapa-agentes-moros.jpg\" alt class=\"img-responsive wp-image-2287\" srcset=\"https:\/\/moros.com\/wp-content\/uploads\/2023\/02\/mapa-agentes-moros-200x100.jpg 200w, https:\/\/moros.com\/wp-content\/uploads\/2023\/02\/mapa-agentes-moros-400x201.jpg 400w, https:\/\/moros.com\/wp-content\/uploads\/2023\/02\/mapa-agentes-moros-600x301.jpg 600w, https:\/\/moros.com\/wp-content\/uploads\/2023\/02\/mapa-agentes-moros-800x401.jpg 800w, https:\/\/moros.com\/wp-content\/uploads\/2023\/02\/mapa-agentes-moros-1200x602.jpg 1200w, https:\/\/moros.com\/wp-content\/uploads\/2023\/02\/mapa-agentes-moros.jpg 1746w\" sizes=\"(max-width: 640px) 100vw, 1200px\" \/><\/span><\/div><div style=\"text-align:center;\"><a class=\"fusion-button button-flat fusion-button-default-size button-custom fusion-button-default button-1 fusion-button-span-no fusion-button-default-type fusion-has-button-gradient\" style=\"--awb-margin-top:40px;--awb-margin-bottom:40px;--button_accent_color:#ffffff;--button_border_color:#ffffff;--button_accent_hover_color:var(--awb-color1);--button_border_hover_color:var(--awb-color1);--button-border-radius-top-left:0;--button-border-radius-top-right:0;--button-border-radius-bottom-right:0;--button-border-radius-bottom-left:0;--button_gradient_top_color:var(--awb-color1);--button_gradient_bottom_color:var(--awb-color1);--button_gradient_top_color_hover:hsla(var(--awb-color7-h),calc(var(--awb-color7-s) - 5%),calc(var(--awb-color7-l) - 10%),var(--awb-color7-a));--button_gradient_bottom_color_hover:hsla(var(--awb-color5-h),calc(var(--awb-color5-s) - 5%),calc(var(--awb-color5-l) - 10%),var(--awb-color5-a));--button_text_transform:uppercase;--button_font_size:1em;--button_typography-font-family:var(--awb-typography4-font-family);--button_typography-font-weight:var(--awb-typography4-font-weight);--button_typography-font-style:var(--awb-typography4-font-style);\" target=\"_self\" id=\"btn-listado\"><span class=\"fusion-button-text awb-button__text awb-button__text--default\">Siehe Liste der Vertretungen<\/span><\/a><\/div><div class=\"fusion-image-element \" style=\"--awb-caption-title-font-family:var(--h2_typography-font-family);--awb-caption-title-font-weight:var(--h2_typography-font-weight);--awb-caption-title-font-style:var(--h2_typography-font-style);--awb-caption-title-size:var(--h2_typography-font-size);--awb-caption-title-transform:var(--h2_typography-text-transform);--awb-caption-title-line-height:var(--h2_typography-line-height);--awb-caption-title-letter-spacing:var(--h2_typography-letter-spacing);\"><span class=\" fusion-imageframe imageframe-none imageframe-2 hover-type-none\"><a class=\"fusion-no-lightbox\" href=\"https:\/\/moros.com\/de\/downloads\/\" target=\"_self\"><img decoding=\"async\" width=\"1179\" height=\"247\" alt=\"Entdecken Se unseren neuen Katalog!\" src=\"https:\/\/moros.com\/wp-content\/uploads\/BANNER-AGENTES_DE.jpg\" class=\"img-responsive wp-image-3393\" srcset=\"https:\/\/moros.com\/wp-content\/uploads\/BANNER-AGENTES_DE-200x42.jpg 200w, https:\/\/moros.com\/wp-content\/uploads\/BANNER-AGENTES_DE-400x84.jpg 400w, https:\/\/moros.com\/wp-content\/uploads\/BANNER-AGENTES_DE-600x126.jpg 600w, https:\/\/moros.com\/wp-content\/uploads\/BANNER-AGENTES_DE-800x168.jpg 800w, https:\/\/moros.com\/wp-content\/uploads\/BANNER-AGENTES_DE.jpg 1179w\" sizes=\"(max-width: 640px) 100vw, 1179px\" \/><\/a><\/span><\/div><\/div><\/div><\/div><\/div><\/p>\n","protected":false},"excerpt":{"rendered":"","protected":false},"author":1,"featured_media":0,"parent":0,"menu_order":0,"comment_status":"closed","ping_status":"closed","template":"100-width.php","meta":{"footnotes":""},"class_list":["post-3290","page","type-page","status-publish","hentry"],"yoast_head":"<!-- This site is optimized with the Yoast SEO plugin v27.5 - https:\/\/yoast.com\/product\/yoast-seo-wordpress\/ -->\n<title>Vertretungen - MOROS Industrias Hidr\u00e1ulicas, s.a.<\/title>\n<meta name=\"description\" content=\"MOROS Industrias Hidr\u00e1ulicas, S.A. dise\u00f1a y fabrica prensas, cizallas y molinos trituradores para procesar chatarra y otros materiales. Vertretungen.\" \/>\n<meta name=\"robots\" content=\"index, follow, max-snippet:-1, max-image-preview:large, max-video-preview:-1\" \/>\n<link rel=\"canonical\" href=\"https:\/\/moros.com\/agentes\/\" \/>\n<meta property=\"og:locale\" content=\"de_DE\" \/>\n<meta property=\"og:type\" content=\"article\" \/>\n<meta property=\"og:title\" content=\"Vertretungen - MOROS Industrias Hidr\u00e1ulicas, s.a.\" \/>\n<meta property=\"og:description\" content=\"MOROS Industrias Hidr\u00e1ulicas, S.A. dise\u00f1a y fabrica prensas, cizallas y molinos trituradores para procesar chatarra y otros materiales. Vertretungen.\" \/>\n<meta property=\"og:url\" content=\"https:\/\/moros.com\/agentes\/\" \/>\n<meta property=\"og:site_name\" content=\"MOROS Industrias Hidr\u00e1ulicas, s.a.\" \/>\n<meta property=\"article:modified_time\" content=\"2025-05-02T07:20:17+00:00\" \/>\n<meta name=\"twitter:card\" content=\"summary_large_image\" \/>\n<meta name=\"twitter:label1\" content=\"Gesch\u00e4tzte Lesezeit\" \/>\n\t<meta name=\"twitter:data1\" content=\"6\u00a0Minuten\" \/>\n<script type=\"application\/ld+json\" class=\"yoast-schema-graph\">{\"@context\":\"https:\\\/\\\/schema.org\",\"@graph\":[{\"@type\":\"WebPage\",\"@id\":\"https:\\\/\\\/moros.com\\\/agentes\\\/\",\"url\":\"https:\\\/\\\/moros.com\\\/agentes\\\/\",\"name\":\"Vertretungen - MOROS Industrias Hidr\u00e1ulicas, s.a.\",\"isPartOf\":{\"@id\":\"https:\\\/\\\/moros.com\\\/#website\"},\"datePublished\":\"2023-02-14T10:45:54+00:00\",\"dateModified\":\"2025-05-02T07:20:17+00:00\",\"description\":\"MOROS Industrias Hidr\u00e1ulicas, S.A. dise\u00f1a y fabrica prensas, cizallas y molinos trituradores para procesar chatarra y otros materiales. Vertretungen.\",\"inLanguage\":\"de\",\"potentialAction\":[{\"@type\":\"ReadAction\",\"target\":[\"https:\\\/\\\/moros.com\\\/agentes\\\/\"]}]},{\"@type\":\"WebSite\",\"@id\":\"https:\\\/\\\/moros.com\\\/#website\",\"url\":\"https:\\\/\\\/moros.com\\\/\",\"name\":\"MOROS Industrias Hidr\u00e1ulicas, s.a.\",\"description\":\"Prensas y cizallas para chatarra\",\"potentialAction\":[{\"@type\":\"SearchAction\",\"target\":{\"@type\":\"EntryPoint\",\"urlTemplate\":\"https:\\\/\\\/moros.com\\\/?s={search_term_string}\"},\"query-input\":{\"@type\":\"PropertyValueSpecification\",\"valueRequired\":true,\"valueName\":\"search_term_string\"}}],\"inLanguage\":\"de\"}]}<\/script>\n<!-- \/ Yoast SEO plugin. -->","yoast_head_json":{"title":"Vertretungen - MOROS Industrias Hidr\u00e1ulicas, s.a.","description":"MOROS Industrias Hidr\u00e1ulicas, S.A. dise\u00f1a y fabrica prensas, cizallas y molinos trituradores para procesar chatarra y otros materiales. Vertretungen.","robots":{"index":"index","follow":"follow","max-snippet":"max-snippet:-1","max-image-preview":"max-image-preview:large","max-video-preview":"max-video-preview:-1"},"canonical":"https:\/\/moros.com\/agentes\/","og_locale":"de_DE","og_type":"article","og_title":"Vertretungen - MOROS Industrias Hidr\u00e1ulicas, s.a.","og_description":"MOROS Industrias Hidr\u00e1ulicas, S.A. dise\u00f1a y fabrica prensas, cizallas y molinos trituradores para procesar chatarra y otros materiales. Vertretungen.","og_url":"https:\/\/moros.com\/agentes\/","og_site_name":"MOROS Industrias Hidr\u00e1ulicas, s.a.","article_modified_time":"2025-05-02T07:20:17+00:00","twitter_card":"summary_large_image","twitter_misc":{"Gesch\u00e4tzte Lesezeit":"6\u00a0Minuten"},"schema":{"@context":"https:\/\/schema.org","@graph":[{"@type":"WebPage","@id":"https:\/\/moros.com\/agentes\/","url":"https:\/\/moros.com\/agentes\/","name":"Vertretungen - MOROS Industrias Hidr\u00e1ulicas, s.a.","isPartOf":{"@id":"https:\/\/moros.com\/#website"},"datePublished":"2023-02-14T10:45:54+00:00","dateModified":"2025-05-02T07:20:17+00:00","description":"MOROS Industrias Hidr\u00e1ulicas, S.A. dise\u00f1a y fabrica prensas, cizallas y molinos trituradores para procesar chatarra y otros materiales. Vertretungen.","inLanguage":"de","potentialAction":[{"@type":"ReadAction","target":["https:\/\/moros.com\/agentes\/"]}]},{"@type":"WebSite","@id":"https:\/\/moros.com\/#website","url":"https:\/\/moros.com\/","name":"MOROS Industrias Hidr\u00e1ulicas, s.a.","description":"Prensas y cizallas para chatarra","potentialAction":[{"@type":"SearchAction","target":{"@type":"EntryPoint","urlTemplate":"https:\/\/moros.com\/?s={search_term_string}"},"query-input":{"@type":"PropertyValueSpecification","valueRequired":true,"valueName":"search_term_string"}}],"inLanguage":"de"}]}},"_links":{"self":[{"href":"https:\/\/moros.com\/de\/wp-json\/wp\/v2\/pages\/3290","targetHints":{"allow":["GET"]}}],"collection":[{"href":"https:\/\/moros.com\/de\/wp-json\/wp\/v2\/pages"}],"about":[{"href":"https:\/\/moros.com\/de\/wp-json\/wp\/v2\/types\/page"}],"author":[{"embeddable":true,"href":"https:\/\/moros.com\/de\/wp-json\/wp\/v2\/users\/1"}],"replies":[{"embeddable":true,"href":"https:\/\/moros.com\/de\/wp-json\/wp\/v2\/comments?post=3290"}],"version-history":[{"count":6,"href":"https:\/\/moros.com\/de\/wp-json\/wp\/v2\/pages\/3290\/revisions"}],"predecessor-version":[{"id":3402,"href":"https:\/\/moros.com\/de\/wp-json\/wp\/v2\/pages\/3290\/revisions\/3402"}],"wp:attachment":[{"href":"https:\/\/moros.com\/de\/wp-json\/wp\/v2\/media?parent=3290"}],"curies":[{"name":"wp","href":"https:\/\/api.w.org\/{rel}","templated":true}]}}