{"id":3298,"date":"2023-02-14T11:49:57","date_gmt":"2023-02-14T11:49:57","guid":{"rendered":"https:\/\/moros.com\/produkte\/automatikanlagen\/"},"modified":"2025-04-30T13:28:43","modified_gmt":"2025-04-30T13:28:43","slug":"automatikanlagen","status":"publish","type":"page","link":"https:\/\/moros.com\/de\/produkte\/automatikanlagen\/","title":{"rendered":"Automatikanlagen"},"content":{"rendered":"<p><div class=\"fusion-fullwidth fullwidth-box fusion-builder-row-1 fusion-flex-container has-pattern-background has-mask-background nonhundred-percent-fullwidth non-hundred-percent-height-scrolling\" style=\"--awb-border-radius-top-left:0px;--awb-border-radius-top-right:0px;--awb-border-radius-bottom-right:0px;--awb-border-radius-bottom-left:0px;--awb-background-color:var(--awb-color6);--awb-flex-wrap:wrap;\" ><div class=\"fusion-builder-row fusion-row fusion-flex-align-items-center fusion-flex-content-wrap\" style=\"max-width:1248px;margin-left: calc(-4% \/ 2 );margin-right: calc(-4% \/ 2 );\"><div class=\"fusion-layout-column fusion_builder_column fusion-builder-column-0 fusion_builder_column_1_1 1_1 fusion-flex-column\" style=\"--awb-bg-size:cover;--awb-width-large:100%;--awb-margin-top-large:0px;--awb-spacing-right-large:1.92%;--awb-margin-bottom-large:10px;--awb-spacing-left-large:1.92%;--awb-width-medium:100%;--awb-order-medium:0;--awb-spacing-right-medium:1.92%;--awb-spacing-left-medium:1.92%;--awb-width-small:100%;--awb-order-small:0;--awb-spacing-right-small:1.92%;--awb-spacing-left-small:1.92%;\"><div class=\"fusion-column-wrapper fusion-column-has-shadow fusion-flex-justify-content-flex-start fusion-content-layout-column\"><div class=\"fusion-title title fusion-title-1 fusion-sep-none fusion-title-text fusion-title-size-one\" style=\"--awb-text-color:var(--awb-color1);--awb-margin-bottom:5px;--awb-margin-top-small:10px;--awb-margin-right-small:0px;--awb-margin-bottom-small:10px;--awb-margin-left-small:0px;--awb-font-size:var(--awb-typography2-font-size);\"><h1 class=\"fusion-title-heading title-heading-left\" style=\"font-family:var(--awb-typography2-font-family);font-weight:var(--awb-typography2-font-weight);font-style:var(--awb-typography2-font-style);margin:0;letter-spacing:var(--awb-typography2-letter-spacing);text-transform:uppercase;font-size:1em;line-height:var(--awb-typography2-line-height);\">Automatikanlagen<\/h1><\/div><nav class=\"fusion-breadcrumbs awb-yoast-breadcrumbs fusion-breadcrumbs-1\" style=\"--awb-breadcrumb-sep:&#039;&gt;&#039;;\" aria-label=\"Breadcrumb\"><ol class=\"awb-breadcrumb-list\"><li class=\"fusion-breadcrumb-item awb-breadcrumb-sep awb-home\" ><a href=\"https:\/\/moros.com\/de\/\" class=\"fusion-breadcrumb-link\"><span >Home<\/span><\/a><\/li><\/ol><\/nav><\/div><\/div><\/div><\/div>\n<div class=\"fusion-fullwidth fullwidth-box fusion-builder-row-2 fusion-flex-container has-pattern-background has-mask-background fusion-parallax-none nonhundred-percent-fullwidth non-hundred-percent-height-scrolling main-bg\" style=\"--awb-background-position:left top;--awb-border-radius-top-left:0px;--awb-border-radius-top-right:0px;--awb-border-radius-bottom-right:0px;--awb-border-radius-bottom-left:0px;--awb-margin-top:40px;--awb-background-image:url(&quot;https:\/\/moros.com\/wp-content\/uploads\/2023\/02\/bg-logo.svg&quot;);--awb-background-size:cover;--awb-flex-wrap:wrap;\" ><div class=\"fusion-builder-row fusion-row fusion-flex-align-items-flex-start fusion-flex-content-wrap\" style=\"max-width:1248px;margin-left: calc(-4% \/ 2 );margin-right: calc(-4% \/ 2 );\"><div class=\"fusion-layout-column fusion_builder_column fusion-builder-column-1 fusion_builder_column_1_1 1_1 fusion-flex-column\" style=\"--awb-bg-size:cover;--awb-width-large:100%;--awb-margin-top-large:0px;--awb-spacing-right-large:1.92%;--awb-margin-bottom-large:20px;--awb-spacing-left-large:1.92%;--awb-width-medium:100%;--awb-order-medium:0;--awb-spacing-right-medium:1.92%;--awb-spacing-left-medium:1.92%;--awb-width-small:100%;--awb-order-small:0;--awb-spacing-right-small:1.92%;--awb-spacing-left-small:1.92%;\"><div class=\"fusion-column-wrapper fusion-column-has-shadow fusion-flex-justify-content-flex-start fusion-content-layout-column\"><div class=\"fusion-image-element \" style=\"text-align:center;--awb-margin-bottom:40px;--awb-caption-title-font-family:var(--h2_typography-font-family);--awb-caption-title-font-weight:var(--h2_typography-font-weight);--awb-caption-title-font-style:var(--h2_typography-font-style);--awb-caption-title-size:var(--h2_typography-font-size);--awb-caption-title-transform:var(--h2_typography-text-transform);--awb-caption-title-line-height:var(--h2_typography-line-height);--awb-caption-title-letter-spacing:var(--h2_typography-letter-spacing);\"><span class=\" fusion-imageframe imageframe-none imageframe-1 hover-type-none\"><img decoding=\"async\" width=\"800\" height=\"600\" title=\"Automatica\" src=\"https:\/\/moros.com\/wp-content\/uploads\/2023\/02\/Automatica.jpg\" alt class=\"img-responsive wp-image-2245\" srcset=\"https:\/\/moros.com\/wp-content\/uploads\/2023\/02\/Automatica-200x150.jpg 200w, https:\/\/moros.com\/wp-content\/uploads\/2023\/02\/Automatica-400x300.jpg 400w, https:\/\/moros.com\/wp-content\/uploads\/2023\/02\/Automatica-600x450.jpg 600w, https:\/\/moros.com\/wp-content\/uploads\/2023\/02\/Automatica.jpg 800w\" sizes=\"(max-width: 640px) 100vw, 800px\" \/><\/span><\/div><div class=\"fusion-text fusion-text-1\"><p>Mit dem Ziel unseren Kunden Komplettl\u00f6sungen anzubieten, hat sich MOROS auf die Erstellung automatisierter Recyclinganlagen sowie schl\u00fcsselfertiger Projekte spezialisiert.<\/p>\n<p>Die gr\u00f6\u03b2te Nachfrage nach solchen Maschinen kommt aus den Bereichen der Automobilbranche, Aluminiumextrusion und der industriellen Gro\u03b2fertigung.<\/p>\n<p>Einige Vorteile solcher Automatikanlagen sind:<\/p>\n<\/div><ul style=\"--awb-size:14.4px;--awb-margin-top:0px;--awb-margin-bottom:40px;--awb-iconcolor:#ffffff;--awb-line-height:24.48px;--awb-icon-width:24.48px;--awb-icon-height:24.48px;--awb-icon-margin:10.08px;--awb-content-margin:34.56px;--awb-circlecolor:var(--awb-color1);--awb-circle-yes-font-size:12.672px;\" class=\"fusion-checklist fusion-checklist-1 fusion-checklist-default type-icons checklist-lineheight\"><li class=\"fusion-li-item\" style=\"\"><span class=\"icon-wrapper circle-yes\"><i class=\"fusion-li-icon awb-icon-check\" aria-hidden=\"true\"><\/i><\/span><div class=\"fusion-li-item-content\">\n<p>Optimierung der Abfallbewirtschaftung.<\/p>\n<\/div><\/li><li class=\"fusion-li-item\" style=\"\"><span class=\"icon-wrapper circle-yes\"><i class=\"fusion-li-icon awb-icon-check\" aria-hidden=\"true\"><\/i><\/span><div class=\"fusion-li-item-content\">\n<p>Niedrige Betriebskosten: minimale Wartung, weniger Arbeitskr\u00e4fte und optimaler Verbrauch.<\/p>\n<\/div><\/li><li class=\"fusion-li-item\" style=\"\"><span class=\"icon-wrapper circle-yes\"><i class=\"fusion-li-icon awb-icon-check\" aria-hidden=\"true\"><\/i><\/span><div class=\"fusion-li-item-content\">\n<p>Senkung der Logistikkosten f\u00fcr Lagerung und Transport von Abf\u00e4llen.<\/p>\n<\/div><\/li><li class=\"fusion-li-item\" style=\"\"><span class=\"icon-wrapper circle-yes\"><i class=\"fusion-li-icon awb-icon-check\" aria-hidden=\"true\"><\/i><\/span><div class=\"fusion-li-item-content\">\n<p>Erh\u00f6hung des Verkaufspreises von Schrott nach seiner Verarbeitung.<\/p>\n<\/div><\/li><\/ul><div class=\"sm-text-align-center\" style=\"text-align:left;\"><a class=\"fusion-button button-flat button-large button-custom fusion-button-default button-1 fusion-button-span-no fusion-button-default-type fusion-has-button-gradient\" style=\"--button_accent_color:var(--awb-color1);--button_accent_hover_color:#ffffff;--button_border_hover_color:#ffffff;--button-border-radius-top-left:0;--button-border-radius-top-right:0;--button-border-radius-bottom-right:0;--button-border-radius-bottom-left:0;--button_gradient_top_color:#ffffff;--button_gradient_bottom_color:var(--awb-color5);--button_gradient_top_color_hover:var(--awb-color6);--button_gradient_bottom_color_hover:var(--awb-color4);--button_text_transform:uppercase;--button_typography-font-family:var(--awb-typography4-font-family);--button_typography-font-weight:var(--awb-typography4-font-weight);--button_typography-font-style:var(--awb-typography4-font-style);\" target=\"lightbox\" rel=\"iLightbox\" href=\"https:\/\/www.youtube.com\/watch?v=dZtc0zdgpXY\"><i class=\"fa-play fas awb-button__icon awb-button__icon--default button-icon-left\" aria-hidden=\"true\"><\/i><span class=\"fusion-button-text awb-button__text awb-button__text--default\">GC-V-330<\/span><\/a><\/div><\/div><\/div><\/div><\/div><\/p>\n","protected":false},"excerpt":{"rendered":"","protected":false},"author":1,"featured_media":0,"parent":3294,"menu_order":0,"comment_status":"closed","ping_status":"closed","template":"100-width.php","meta":{"footnotes":""},"class_list":["post-3298","page","type-page","status-publish","hentry"],"yoast_head":"<!-- This site is optimized with the Yoast SEO plugin v27.3 - https:\/\/yoast.com\/product\/yoast-seo-wordpress\/ -->\n<title>Automatikanlagen - MOROS Industrias Hidr\u00e1ulicas, s.a.<\/title>\n<meta name=\"description\" content=\"MOROS Industrias Hidr\u00e1ulicas, S.A. dise\u00f1a y fabrica prensas, cizallas y molinos trituradores para procesar chatarra y otros materiales. Automatikanlagen.\" \/>\n<meta name=\"robots\" content=\"index, follow, max-snippet:-1, max-image-preview:large, max-video-preview:-1\" \/>\n<link rel=\"canonical\" href=\"https:\/\/moros.com\/de\/produkte\/automatikanlagen\/\" \/>\n<meta property=\"og:locale\" content=\"de_DE\" \/>\n<meta property=\"og:type\" content=\"article\" \/>\n<meta property=\"og:title\" content=\"Automatikanlagen - MOROS Industrias Hidr\u00e1ulicas, s.a.\" \/>\n<meta property=\"og:description\" content=\"MOROS Industrias Hidr\u00e1ulicas, S.A. dise\u00f1a y fabrica prensas, cizallas y molinos trituradores para procesar chatarra y otros materiales. Automatikanlagen.\" \/>\n<meta property=\"og:url\" content=\"https:\/\/moros.com\/de\/produkte\/automatikanlagen\/\" \/>\n<meta property=\"og:site_name\" content=\"MOROS Industrias Hidr\u00e1ulicas, s.a.\" \/>\n<meta property=\"article:modified_time\" content=\"2025-04-30T13:28:43+00:00\" \/>\n<meta name=\"twitter:card\" content=\"summary_large_image\" \/>\n<meta name=\"twitter:label1\" content=\"Gesch\u00e4tzte Lesezeit\" \/>\n\t<meta name=\"twitter:data1\" content=\"4\u00a0Minuten\" \/>\n<script type=\"application\/ld+json\" class=\"yoast-schema-graph\">{\"@context\":\"https:\\\/\\\/schema.org\",\"@graph\":[{\"@type\":\"WebPage\",\"@id\":\"https:\\\/\\\/moros.com\\\/de\\\/produkte\\\/automatikanlagen\\\/\",\"url\":\"https:\\\/\\\/moros.com\\\/de\\\/produkte\\\/automatikanlagen\\\/\",\"name\":\"Automatikanlagen - MOROS Industrias Hidr\u00e1ulicas, s.a.\",\"isPartOf\":{\"@id\":\"https:\\\/\\\/moros.com\\\/#website\"},\"datePublished\":\"2023-02-14T11:49:57+00:00\",\"dateModified\":\"2025-04-30T13:28:43+00:00\",\"description\":\"MOROS Industrias Hidr\u00e1ulicas, S.A. dise\u00f1a y fabrica prensas, cizallas y molinos trituradores para procesar chatarra y otros materiales. Automatikanlagen.\",\"breadcrumb\":{\"@id\":\"https:\\\/\\\/moros.com\\\/de\\\/produkte\\\/automatikanlagen\\\/#breadcrumb\"},\"inLanguage\":\"de\",\"potentialAction\":[{\"@type\":\"ReadAction\",\"target\":[\"https:\\\/\\\/moros.com\\\/de\\\/produkte\\\/automatikanlagen\\\/\"]}]},{\"@type\":\"BreadcrumbList\",\"@id\":\"https:\\\/\\\/moros.com\\\/de\\\/produkte\\\/automatikanlagen\\\/#breadcrumb\",\"itemListElement\":[{\"@type\":\"ListItem\",\"position\":1,\"name\":\"Produkte\",\"item\":\"https:\\\/\\\/moros.com\\\/de\\\/produkte\\\/\"},{\"@type\":\"ListItem\",\"position\":2,\"name\":\"Automatikanlagen\"}]},{\"@type\":\"WebSite\",\"@id\":\"https:\\\/\\\/moros.com\\\/#website\",\"url\":\"https:\\\/\\\/moros.com\\\/\",\"name\":\"MOROS Industrias Hidr\u00e1ulicas, s.a.\",\"description\":\"Prensas y cizallas para chatarra\",\"potentialAction\":[{\"@type\":\"SearchAction\",\"target\":{\"@type\":\"EntryPoint\",\"urlTemplate\":\"https:\\\/\\\/moros.com\\\/?s={search_term_string}\"},\"query-input\":{\"@type\":\"PropertyValueSpecification\",\"valueRequired\":true,\"valueName\":\"search_term_string\"}}],\"inLanguage\":\"de\"}]}<\/script>\n<!-- \/ Yoast SEO plugin. -->","yoast_head_json":{"title":"Automatikanlagen - MOROS Industrias Hidr\u00e1ulicas, s.a.","description":"MOROS Industrias Hidr\u00e1ulicas, S.A. dise\u00f1a y fabrica prensas, cizallas y molinos trituradores para procesar chatarra y otros materiales. Automatikanlagen.","robots":{"index":"index","follow":"follow","max-snippet":"max-snippet:-1","max-image-preview":"max-image-preview:large","max-video-preview":"max-video-preview:-1"},"canonical":"https:\/\/moros.com\/de\/produkte\/automatikanlagen\/","og_locale":"de_DE","og_type":"article","og_title":"Automatikanlagen - MOROS Industrias Hidr\u00e1ulicas, s.a.","og_description":"MOROS Industrias Hidr\u00e1ulicas, S.A. dise\u00f1a y fabrica prensas, cizallas y molinos trituradores para procesar chatarra y otros materiales. Automatikanlagen.","og_url":"https:\/\/moros.com\/de\/produkte\/automatikanlagen\/","og_site_name":"MOROS Industrias Hidr\u00e1ulicas, s.a.","article_modified_time":"2025-04-30T13:28:43+00:00","twitter_card":"summary_large_image","twitter_misc":{"Gesch\u00e4tzte Lesezeit":"4\u00a0Minuten"},"schema":{"@context":"https:\/\/schema.org","@graph":[{"@type":"WebPage","@id":"https:\/\/moros.com\/de\/produkte\/automatikanlagen\/","url":"https:\/\/moros.com\/de\/produkte\/automatikanlagen\/","name":"Automatikanlagen - MOROS Industrias Hidr\u00e1ulicas, s.a.","isPartOf":{"@id":"https:\/\/moros.com\/#website"},"datePublished":"2023-02-14T11:49:57+00:00","dateModified":"2025-04-30T13:28:43+00:00","description":"MOROS Industrias Hidr\u00e1ulicas, S.A. dise\u00f1a y fabrica prensas, cizallas y molinos trituradores para procesar chatarra y otros materiales. Automatikanlagen.","breadcrumb":{"@id":"https:\/\/moros.com\/de\/produkte\/automatikanlagen\/#breadcrumb"},"inLanguage":"de","potentialAction":[{"@type":"ReadAction","target":["https:\/\/moros.com\/de\/produkte\/automatikanlagen\/"]}]},{"@type":"BreadcrumbList","@id":"https:\/\/moros.com\/de\/produkte\/automatikanlagen\/#breadcrumb","itemListElement":[{"@type":"ListItem","position":1,"name":"Produkte","item":"https:\/\/moros.com\/de\/produkte\/"},{"@type":"ListItem","position":2,"name":"Automatikanlagen"}]},{"@type":"WebSite","@id":"https:\/\/moros.com\/#website","url":"https:\/\/moros.com\/","name":"MOROS Industrias Hidr\u00e1ulicas, s.a.","description":"Prensas y cizallas para chatarra","potentialAction":[{"@type":"SearchAction","target":{"@type":"EntryPoint","urlTemplate":"https:\/\/moros.com\/?s={search_term_string}"},"query-input":{"@type":"PropertyValueSpecification","valueRequired":true,"valueName":"search_term_string"}}],"inLanguage":"de"}]}},"_links":{"self":[{"href":"https:\/\/moros.com\/de\/wp-json\/wp\/v2\/pages\/3298","targetHints":{"allow":["GET"]}}],"collection":[{"href":"https:\/\/moros.com\/de\/wp-json\/wp\/v2\/pages"}],"about":[{"href":"https:\/\/moros.com\/de\/wp-json\/wp\/v2\/types\/page"}],"author":[{"embeddable":true,"href":"https:\/\/moros.com\/de\/wp-json\/wp\/v2\/users\/1"}],"replies":[{"embeddable":true,"href":"https:\/\/moros.com\/de\/wp-json\/wp\/v2\/comments?post=3298"}],"version-history":[{"count":7,"href":"https:\/\/moros.com\/de\/wp-json\/wp\/v2\/pages\/3298\/revisions"}],"predecessor-version":[{"id":3314,"href":"https:\/\/moros.com\/de\/wp-json\/wp\/v2\/pages\/3298\/revisions\/3314"}],"up":[{"embeddable":true,"href":"https:\/\/moros.com\/de\/wp-json\/wp\/v2\/pages\/3294"}],"wp:attachment":[{"href":"https:\/\/moros.com\/de\/wp-json\/wp\/v2\/media?parent=3298"}],"curies":[{"name":"wp","href":"https:\/\/api.w.org\/{rel}","templated":true}]}}