{"id":3345,"date":"2023-02-16T07:39:36","date_gmt":"2023-02-16T07:39:36","guid":{"rendered":"https:\/\/moros.com\/politica-de-cookies-2\/"},"modified":"2025-04-30T14:27:51","modified_gmt":"2025-04-30T14:27:51","slug":"politica-de-cookies-2","status":"publish","type":"page","link":"https:\/\/moros.com\/de\/politica-de-cookies-2\/","title":{"rendered":"Pol\u00edtica de cookies"},"content":{"rendered":"<p><div class=\"fusion-fullwidth fullwidth-box fusion-builder-row-1 fusion-flex-container has-pattern-background has-mask-background nonhundred-percent-fullwidth non-hundred-percent-height-scrolling\" style=\"--awb-border-radius-top-left:0px;--awb-border-radius-top-right:0px;--awb-border-radius-bottom-right:0px;--awb-border-radius-bottom-left:0px;--awb-background-color:var(--awb-color6);--awb-flex-wrap:wrap;\" ><div class=\"fusion-builder-row fusion-row fusion-flex-align-items-center fusion-flex-content-wrap\" style=\"max-width:1248px;margin-left: calc(-4% \/ 2 );margin-right: calc(-4% \/ 2 );\"><div class=\"fusion-layout-column fusion_builder_column fusion-builder-column-0 fusion_builder_column_1_1 1_1 fusion-flex-column\" style=\"--awb-bg-size:cover;--awb-width-large:100%;--awb-margin-top-large:0px;--awb-spacing-right-large:1.92%;--awb-margin-bottom-large:10px;--awb-spacing-left-large:1.92%;--awb-width-medium:100%;--awb-order-medium:0;--awb-spacing-right-medium:1.92%;--awb-spacing-left-medium:1.92%;--awb-width-small:100%;--awb-order-small:0;--awb-spacing-right-small:1.92%;--awb-spacing-left-small:1.92%;\"><div class=\"fusion-column-wrapper fusion-column-has-shadow fusion-flex-justify-content-flex-start fusion-content-layout-column\"><div class=\"fusion-title title fusion-title-1 fusion-sep-none fusion-title-text fusion-title-size-one\" style=\"--awb-text-color:var(--awb-color1);--awb-margin-bottom:5px;--awb-margin-top-small:10px;--awb-margin-right-small:0px;--awb-margin-bottom-small:10px;--awb-margin-left-small:0px;--awb-font-size:var(--awb-typography2-font-size);\"><h1 class=\"fusion-title-heading title-heading-left\" style=\"font-family:var(--awb-typography2-font-family);font-weight:var(--awb-typography2-font-weight);font-style:var(--awb-typography2-font-style);margin:0;letter-spacing:var(--awb-typography2-letter-spacing);text-transform:uppercase;font-size:1em;line-height:var(--awb-typography2-line-height);\">Pol\u00edtica de cookies<\/h1><\/div><nav class=\"fusion-breadcrumbs awb-yoast-breadcrumbs fusion-breadcrumbs-1\" style=\"--awb-breadcrumb-sep:&#039;&gt;&#039;;\" aria-label=\"Breadcrumb\"><ol class=\"awb-breadcrumb-list\"><li class=\"fusion-breadcrumb-item awb-breadcrumb-sep awb-home\" ><a href=\"https:\/\/moros.com\/de\/\" class=\"fusion-breadcrumb-link\"><span >Home<\/span><\/a><\/li><\/ol><\/nav><\/div><\/div><\/div><\/div>\n<div class=\"fusion-fullwidth fullwidth-box fusion-builder-row-2 fusion-flex-container has-pattern-background has-mask-background fusion-parallax-none nonhundred-percent-fullwidth non-hundred-percent-height-scrolling main-bg\" style=\"--awb-background-position:left top;--awb-border-radius-top-left:0px;--awb-border-radius-top-right:0px;--awb-border-radius-bottom-right:0px;--awb-border-radius-bottom-left:0px;--awb-margin-top:40px;--awb-background-image:url(&quot;https:\/\/moros.com\/wp-content\/uploads\/2023\/02\/bg-logo.svg&quot;);--awb-background-size:cover;--awb-flex-wrap:wrap;\" ><div class=\"fusion-builder-row fusion-row fusion-flex-align-items-flex-start fusion-flex-content-wrap\" style=\"max-width:1248px;margin-left: calc(-4% \/ 2 );margin-right: calc(-4% \/ 2 );\"><div class=\"fusion-layout-column fusion_builder_column fusion-builder-column-1 fusion_builder_column_1_1 1_1 fusion-flex-column\" style=\"--awb-bg-size:cover;--awb-width-large:100%;--awb-margin-top-large:0px;--awb-spacing-right-large:1.92%;--awb-margin-bottom-large:20px;--awb-spacing-left-large:1.92%;--awb-width-medium:100%;--awb-order-medium:0;--awb-spacing-right-medium:1.92%;--awb-spacing-left-medium:1.92%;--awb-width-small:100%;--awb-order-small:0;--awb-spacing-right-small:1.92%;--awb-spacing-left-small:1.92%;\"><div class=\"fusion-column-wrapper fusion-column-has-shadow fusion-flex-justify-content-flex-start fusion-content-layout-column\"><div class=\"fusion-text fusion-text-1 awb-text-cols fusion-text-columns-2\" style=\"--awb-font-size:0.9em;--awb-text-color:var(--awb-color4);--awb-columns:2;--awb-column-spacing:80px;--awb-column-min-width:100px;--awb-rule-style:4px dotted var(--awb-color6);--awb-margin-top:40px;\"><h4>\u00bfQu\u00e9 son las cookies?<\/h4>\n<p>Este sitio web utiliza cookies y\/o tecnolog\u00edas similares que almacenan y recuperan informaci\u00f3n cuando navegas. En general, estas tecnolog\u00edas pueden servir para finalidades muy diversas, como, por ejemplo, reconocerte como usuario, obtener informaci\u00f3n sobre tus h\u00e1bitos de navegaci\u00f3n, o personalizar la forma en que se muestra el contenido. Los usos concretos que hacemos de estas tecnolog\u00edas se describen a continuaci\u00f3n.  <\/p>\n<h4>\u00bfQu\u00e9 tipos de cookies se utilizan en esta p\u00e1gina web?<\/h4>\n<p><strong>a) Cookies t\u00e9cnicas:<\/strong> son aquellas que permiten al usuario la navegaci\u00f3n a trav\u00e9s de la p\u00e1gina web, plataforma o aplicaci\u00f3n y la utilizaci\u00f3n de las diferentes opciones o servicios que en ella existen, incluyendo aquellas que se utilizan para permitir la gesti\u00f3n y operativa de la p\u00e1gina web y habilitar sus funciones y servicios, como, por ejemplo, controlar el tr\u00e1fico y la comunicaci\u00f3n de datos, identificar la sesi\u00f3n, acceder a partes de acceso restringido, etc.<\/p>\n<p><strong>b) Cookies de preferencias o personalizaci\u00f3n:<\/strong> son aquellas que permiten recordar informaci\u00f3n para que el usuario acceda al servicio con determinadas caracter\u00edsticas que pueden diferenciar su experiencia de la de otros usuarios, como, por ejemplo, el idioma, el n\u00famero de resultados a mostrar cuando el usuario realiza una b\u00fasqueda, el aspecto o contenido del servicio en funci\u00f3n del tipo de navegador a trav\u00e9s del cual el usuario accede al servicio, etc.<\/p>\n<h4>\u00bfQui\u00e9n utiliza las cookies?<\/h4>\n<p><strong>a) Cookies propias:<\/strong> son aquellas que se env\u00edan al equipo terminal del usuario desde un equipo o dominio gestionado por el propio responsable de la web y desde el que se presta el servicio solicitado por el usuario.<br \/>\n<strong>b) Cookies de tercero:<\/strong> son aquellas que se env\u00edan al equipo terminal del usuario desde un equipo o dominio que no es gestionado por el responsable de la web, sino por otra entidad que trata los datos obtenidos trav\u00e9s de las cookies.<\/p>\n<\/div><div class=\"fusion-text fusion-text-2\" style=\"--awb-font-size:0.9em;--awb-text-color:var(--awb-color4);--awb-margin-top:40px;\"><h4>Cookies utilizadas en esta p\u00e1gina<\/h4>\n<p>A continuaci\u00f3n se identifican las cookies que est\u00e1n siendo utilizadas en este portal as\u00ed como su tipolog\u00eda y funci\u00f3n:<\/p>\n<\/div>\n<div class=\"table-2\">\n<table width=\"100%\">\n<thead>\n<tr>\n<th align=\"left\">NOMBRE<\/th>\n<th align=\"left\">TIPO<\/th>\n<th align=\"left\">PROVEEDOR<\/th>\n<th align=\"left\">FINALIDAD<\/th>\n<th align=\"left\">DURACI\u00d3N<\/th>\n<\/tr>\n<\/thead>\n<tbody>\n<tr>\n<td align=\"left\">privacy_embeds<\/td>\n<td align=\"left\">T\u00e9cnica<\/td>\n<td align=\"left\">Propia<\/td>\n<td align=\"left\">Almacena la preferencia de usuario de aceptaci\u00f3n de la pol\u00edtica de cookies a trav\u00e9s de la barra de aviso inferior<\/td>\n<td align=\"left\">1 mes<\/td>\n<\/tr>\n<tr>\n<td align=\"left\">wp-wpml_current_language<\/td>\n<td align=\"left\">T\u00e9cnica<\/td>\n<td align=\"left\">Propia<\/td>\n<td align=\"left\">Cookie del Plugin WPML para almacenar la configuraci\u00f3n de lenguajes<\/td>\n<td align=\"left\">Sesi\u00f3n<\/td>\n<\/tr>\n<\/tbody>\n<\/table>\n<\/div>\n<div class=\"fusion-text fusion-text-3 awb-text-cols fusion-text-columns-2\" style=\"--awb-font-size:0.9em;--awb-text-color:var(--awb-color4);--awb-columns:2;--awb-column-spacing:80px;--awb-column-min-width:100px;--awb-rule-style:4px dotted var(--awb-color6);--awb-margin-top:40px;\"><h4>\u00bfC\u00f3mo puede aceptar, denegar, revocar el consentimiento o eliminar las cookies?<\/h4>\n<p>Tal como ha quedado establecido esta web \u00fanicamente utiliza cookies propias con finalidad t\u00e9cnica o de personalizaci\u00f3n (selecci\u00f3n de idioma), no recaba ni cede datos personales de los usuarios sin su conocimiento.<\/p>\n<p>En este sentido, tal como recoge la Agencia Espa\u00f1ola de Protecci\u00f3n de Datos, en su <a href=\"https:\/\/www.aepd.es\/documento\/guia-cookies.pdf\">Gu\u00eda sobre el uso de las cookies<\/a> (Julio 2023), en cuanto a las cookies de personalizaci\u00f3n:<br \/><em>\u201cSi es el propio usuario quien elige esas caracter\u00edsticas (por ejemplo, si selecciona el idioma de un sitio web clicando en el icono de la bandera del pa\u00eds correspondiente), las cookies estar\u00e1n exceptuadas de las obligaciones del art\u00edculo 22.2 de la LSSI por considerarse un servicio expresamente solicitado por el usuario, y ello siempre y cuando las cookies obedezcan exclusivamente a la finalidad seleccionada.\u201d<\/em><\/p>\n<p>Por lo tanto, y siguiendo con lo establecido en la referida Gu\u00eda:<br \/><em>\u201cAs\u00ed pues, puede entenderse que estas cookies quedan excluidas del \u00e1mbito de aplicaci\u00f3n del art\u00edculo 22.2 de la LSSI, y, por lo tanto, no ser\u00eda necesario informar ni obtener el consentimiento sobre su uso.\u201d \u201cEn aquellos casos en que un editor ofrece a los usuarios un servicio y todas las cookies utilizadas desde su p\u00e1gina web se utilizan exclusivamente para las finalidades respecto de las que no es necesario obtener el consentimiento enumeradas m\u00e1s arriba, tanto si son propias como de terceros, no ser\u00e1 necesario que informe de su utilizaci\u00f3n ni que obtenga el consentimiento.\u201d<\/em><\/p>\n<p>De ah\u00ed que no se d\u00e9 la opci\u00f3n de \u201cAceptar\u201d o \u201cRechazar\u201d cookies, ni se haya dispuesto un configurador de cookies tanto en el aviso inicial de la home como en un enlace permanente en el pie de p\u00e1gina.<\/p>\n<p>No obstante, y en aras del cumplimiento del principio de transparencia, recogido en el RGPD, les facilitamos esta pol\u00edtica de cookies y les informamos de que tienes la opci\u00f3n de permitir, bloquear o eliminar las cookies instaladas en tu equipo mediante la configuraci\u00f3n de las opciones del navegador instalado en su equipo. Al desactivar cookies, algunos de los servicios disponibles podr\u00edan dejar de estar operativos. La forma de deshabilitar las cookies es diferente para cada navegador, pero normalmente puede hacerse desde el men\u00fa Herramientas u Opciones. Tambi\u00e9n puede consultarse el men\u00fa de Ayuda del navegador d\u00f3nde puedes encontrar instrucciones. El usuario podr\u00e1 en cualquier momento elegir qu\u00e9 cookies quiere que funcionen en este sitio web.    <\/p>\n<p>Puede usted permitir, bloquear o eliminar las cookies instaladas en su equipo mediante la configuraci\u00f3n de las opciones del navegador instalado en su ordenador:<\/p>\n<ul>\n<li><a href=\"http:\/\/support.google.com\/chrome\/answer\/95647?hl=es\">Google Chrome&nbsp;<\/a><\/li>\n<li><a href=\"http:\/\/support.mozilla.org\/es\/kb\/habilitar-y-deshabilitar-cookies-que-los-sitios-we\">Mozilla Firefox&nbsp;<\/a><\/li>\n<li><a href=\"http:\/\/windows.microsoft.com\/es-es\/windows-vista\/block-or-allow-cookies\">Internet Explorer&nbsp;<\/a><\/li>\n<li><a href=\"http:\/\/support.apple.com\/kb\/ph5042?viewlocale=es_es\">Safari&nbsp;<\/a><\/li>\n<li><a href=\"http:\/\/help.opera.com\/Windows\/12.10\/en\/cookies.html\">Opera&nbsp;<\/a><\/li>\n<li><a href=\"http:\/\/www.windowsphone.com\/es-es\/how-to\/wp7\/web\/changing-privacy-and-other-browser-settings\">Internet Explorer (Windows Phone)&nbsp;<\/a><\/li>\n<li><a href=\"http:\/\/support.apple.com\/kb\/ht1677?viewlocale=es_es\">Safari para IOS (iPhone y iPad)&nbsp;<\/a><\/li>\n<li><a href=\"http:\/\/support.google.com\/chrome\/answer\/2392971?hl=es\">Chrome para Android&nbsp;<\/a><\/li>\n<\/ul>\n<h4>Transferencias de datos a terceros pa\u00edses<\/h4>\n<p>Puedes informarte de las transferencias a terceros pa\u00edses que, en su caso, realizan los terceros identificados en esta pol\u00edtica de cookies en sus correspondientes pol\u00edticas (ver los enlaces facilitados en el apartado \u201cCookies de terceros\u201d).<\/p>\n<h4>Elaboraci\u00f3n de perfiles<\/h4>\n<p>No se elaborar\u00e1 un perfil de usuario basado en la monitorizaci\u00f3n de sus actividades de navegaci\u00f3n en nuestro Sitio Web. Y en consecuencia, no se tomar\u00e1n decisiones automatizadas basadas en dicha navegaci\u00f3n. <\/p>\n<h4>Periodo de conservaci\u00f3n de las cookies<\/h4>\n<p><strong>a) Cookies de sesi\u00f3n:<\/strong> expiran autom\u00e1ticamente cuando el usuario termina la sesi\u00f3n y suelen emplearse para conservar informaci\u00f3n necesaria mientras se presta un servicio solicitado por el usuario en una sola ocasi\u00f3n<br \/><strong>b) Cookies persistentes:<\/strong> permanecen almacenadas en el terminal del usuario durante un periodo determinado (desde unos minutos a varios a\u00f1os).<\/p>\n<h4>M\u00e1s informaci\u00f3n sobre tratamiento de datos<\/h4>\n<p>Visite nuestra <a href=\"https:\/\/moros.com\/politica-de-privacidad\/\">pol\u00edtica de privacidad<\/a>.<\/p>\n<\/div><\/div><\/div><\/div><\/div><\/p>\n","protected":false},"excerpt":{"rendered":"","protected":false},"author":1,"featured_media":0,"parent":0,"menu_order":0,"comment_status":"closed","ping_status":"closed","template":"100-width.php","meta":{"footnotes":""},"class_list":["post-3345","page","type-page","status-publish","hentry"],"yoast_head":"<!-- This site is optimized with the Yoast SEO plugin v27.3 - https:\/\/yoast.com\/product\/yoast-seo-wordpress\/ -->\n<title>Pol\u00edtica de cookies - MOROS Industrias Hidr\u00e1ulicas, s.a.<\/title>\n<meta name=\"description\" content=\"MOROS Industrias Hidr\u00e1ulicas, S.A. dise\u00f1a y fabrica prensas, cizallas y molinos trituradores para procesar chatarra y otros materiales. Pol\u00edtica de cookies.\" \/>\n<meta name=\"robots\" content=\"index, follow, max-snippet:-1, max-image-preview:large, max-video-preview:-1\" \/>\n<link rel=\"canonical\" href=\"https:\/\/moros.com\/de\/politica-de-cookies-2\/\" \/>\n<meta property=\"og:locale\" content=\"de_DE\" \/>\n<meta property=\"og:type\" content=\"article\" \/>\n<meta property=\"og:title\" content=\"Pol\u00edtica de cookies - MOROS Industrias Hidr\u00e1ulicas, s.a.\" \/>\n<meta property=\"og:description\" content=\"MOROS Industrias Hidr\u00e1ulicas, S.A. dise\u00f1a y fabrica prensas, cizallas y molinos trituradores para procesar chatarra y otros materiales. Pol\u00edtica de cookies.\" \/>\n<meta property=\"og:url\" content=\"https:\/\/moros.com\/de\/politica-de-cookies-2\/\" \/>\n<meta property=\"og:site_name\" content=\"MOROS Industrias Hidr\u00e1ulicas, s.a.\" \/>\n<meta property=\"article:modified_time\" content=\"2025-04-30T14:27:51+00:00\" \/>\n<meta name=\"twitter:card\" content=\"summary_large_image\" \/>\n<meta name=\"twitter:label1\" content=\"Gesch\u00e4tzte Lesezeit\" \/>\n\t<meta name=\"twitter:data1\" content=\"8\u00a0Minuten\" \/>\n<script type=\"application\/ld+json\" class=\"yoast-schema-graph\">{\"@context\":\"https:\\\/\\\/schema.org\",\"@graph\":[{\"@type\":\"WebPage\",\"@id\":\"https:\\\/\\\/moros.com\\\/de\\\/politica-de-cookies-2\\\/\",\"url\":\"https:\\\/\\\/moros.com\\\/de\\\/politica-de-cookies-2\\\/\",\"name\":\"Pol\u00edtica de cookies - MOROS Industrias Hidr\u00e1ulicas, s.a.\",\"isPartOf\":{\"@id\":\"https:\\\/\\\/moros.com\\\/#website\"},\"datePublished\":\"2023-02-16T07:39:36+00:00\",\"dateModified\":\"2025-04-30T14:27:51+00:00\",\"description\":\"MOROS Industrias Hidr\u00e1ulicas, S.A. dise\u00f1a y fabrica prensas, cizallas y molinos trituradores para procesar chatarra y otros materiales. Pol\u00edtica de cookies.\",\"inLanguage\":\"de\",\"potentialAction\":[{\"@type\":\"ReadAction\",\"target\":[\"https:\\\/\\\/moros.com\\\/de\\\/politica-de-cookies-2\\\/\"]}]},{\"@type\":\"WebSite\",\"@id\":\"https:\\\/\\\/moros.com\\\/#website\",\"url\":\"https:\\\/\\\/moros.com\\\/\",\"name\":\"MOROS Industrias Hidr\u00e1ulicas, s.a.\",\"description\":\"Prensas y cizallas para chatarra\",\"potentialAction\":[{\"@type\":\"SearchAction\",\"target\":{\"@type\":\"EntryPoint\",\"urlTemplate\":\"https:\\\/\\\/moros.com\\\/?s={search_term_string}\"},\"query-input\":{\"@type\":\"PropertyValueSpecification\",\"valueRequired\":true,\"valueName\":\"search_term_string\"}}],\"inLanguage\":\"de\"}]}<\/script>\n<!-- \/ Yoast SEO plugin. -->","yoast_head_json":{"title":"Pol\u00edtica de cookies - MOROS Industrias Hidr\u00e1ulicas, s.a.","description":"MOROS Industrias Hidr\u00e1ulicas, S.A. dise\u00f1a y fabrica prensas, cizallas y molinos trituradores para procesar chatarra y otros materiales. Pol\u00edtica de cookies.","robots":{"index":"index","follow":"follow","max-snippet":"max-snippet:-1","max-image-preview":"max-image-preview:large","max-video-preview":"max-video-preview:-1"},"canonical":"https:\/\/moros.com\/de\/politica-de-cookies-2\/","og_locale":"de_DE","og_type":"article","og_title":"Pol\u00edtica de cookies - MOROS Industrias Hidr\u00e1ulicas, s.a.","og_description":"MOROS Industrias Hidr\u00e1ulicas, S.A. dise\u00f1a y fabrica prensas, cizallas y molinos trituradores para procesar chatarra y otros materiales. Pol\u00edtica de cookies.","og_url":"https:\/\/moros.com\/de\/politica-de-cookies-2\/","og_site_name":"MOROS Industrias Hidr\u00e1ulicas, s.a.","article_modified_time":"2025-04-30T14:27:51+00:00","twitter_card":"summary_large_image","twitter_misc":{"Gesch\u00e4tzte Lesezeit":"8\u00a0Minuten"},"schema":{"@context":"https:\/\/schema.org","@graph":[{"@type":"WebPage","@id":"https:\/\/moros.com\/de\/politica-de-cookies-2\/","url":"https:\/\/moros.com\/de\/politica-de-cookies-2\/","name":"Pol\u00edtica de cookies - MOROS Industrias Hidr\u00e1ulicas, s.a.","isPartOf":{"@id":"https:\/\/moros.com\/#website"},"datePublished":"2023-02-16T07:39:36+00:00","dateModified":"2025-04-30T14:27:51+00:00","description":"MOROS Industrias Hidr\u00e1ulicas, S.A. dise\u00f1a y fabrica prensas, cizallas y molinos trituradores para procesar chatarra y otros materiales. Pol\u00edtica de cookies.","inLanguage":"de","potentialAction":[{"@type":"ReadAction","target":["https:\/\/moros.com\/de\/politica-de-cookies-2\/"]}]},{"@type":"WebSite","@id":"https:\/\/moros.com\/#website","url":"https:\/\/moros.com\/","name":"MOROS Industrias Hidr\u00e1ulicas, s.a.","description":"Prensas y cizallas para chatarra","potentialAction":[{"@type":"SearchAction","target":{"@type":"EntryPoint","urlTemplate":"https:\/\/moros.com\/?s={search_term_string}"},"query-input":{"@type":"PropertyValueSpecification","valueRequired":true,"valueName":"search_term_string"}}],"inLanguage":"de"}]}},"_links":{"self":[{"href":"https:\/\/moros.com\/de\/wp-json\/wp\/v2\/pages\/3345","targetHints":{"allow":["GET"]}}],"collection":[{"href":"https:\/\/moros.com\/de\/wp-json\/wp\/v2\/pages"}],"about":[{"href":"https:\/\/moros.com\/de\/wp-json\/wp\/v2\/types\/page"}],"author":[{"embeddable":true,"href":"https:\/\/moros.com\/de\/wp-json\/wp\/v2\/users\/1"}],"replies":[{"embeddable":true,"href":"https:\/\/moros.com\/de\/wp-json\/wp\/v2\/comments?post=3345"}],"version-history":[{"count":2,"href":"https:\/\/moros.com\/de\/wp-json\/wp\/v2\/pages\/3345\/revisions"}],"predecessor-version":[{"id":3347,"href":"https:\/\/moros.com\/de\/wp-json\/wp\/v2\/pages\/3345\/revisions\/3347"}],"wp:attachment":[{"href":"https:\/\/moros.com\/de\/wp-json\/wp\/v2\/media?parent=3345"}],"curies":[{"name":"wp","href":"https:\/\/api.w.org\/{rel}","templated":true}]}}