{"id":3348,"date":"2023-02-15T12:34:16","date_gmt":"2023-02-15T12:34:16","guid":{"rendered":"https:\/\/moros.com\/politica-de-privacidad-2\/"},"modified":"2025-04-30T14:29:25","modified_gmt":"2025-04-30T14:29:25","slug":"politica-de-privacidad-2","status":"publish","type":"page","link":"https:\/\/moros.com\/de\/politica-de-privacidad-2\/","title":{"rendered":"Pol\u00edtica de privacidad"},"content":{"rendered":"<p><div class=\"fusion-fullwidth fullwidth-box fusion-builder-row-1 fusion-flex-container has-pattern-background has-mask-background nonhundred-percent-fullwidth non-hundred-percent-height-scrolling\" style=\"--awb-border-radius-top-left:0px;--awb-border-radius-top-right:0px;--awb-border-radius-bottom-right:0px;--awb-border-radius-bottom-left:0px;--awb-background-color:var(--awb-color6);--awb-flex-wrap:wrap;\" ><div class=\"fusion-builder-row fusion-row fusion-flex-align-items-center fusion-flex-content-wrap\" style=\"max-width:1248px;margin-left: calc(-4% \/ 2 );margin-right: calc(-4% \/ 2 );\"><div class=\"fusion-layout-column fusion_builder_column fusion-builder-column-0 fusion_builder_column_1_1 1_1 fusion-flex-column\" style=\"--awb-bg-size:cover;--awb-width-large:100%;--awb-margin-top-large:0px;--awb-spacing-right-large:1.92%;--awb-margin-bottom-large:10px;--awb-spacing-left-large:1.92%;--awb-width-medium:100%;--awb-order-medium:0;--awb-spacing-right-medium:1.92%;--awb-spacing-left-medium:1.92%;--awb-width-small:100%;--awb-order-small:0;--awb-spacing-right-small:1.92%;--awb-spacing-left-small:1.92%;\"><div class=\"fusion-column-wrapper fusion-column-has-shadow fusion-flex-justify-content-flex-start fusion-content-layout-column\"><div class=\"fusion-title title fusion-title-1 fusion-sep-none fusion-title-text fusion-title-size-one\" style=\"--awb-text-color:var(--awb-color1);--awb-margin-bottom:5px;--awb-margin-top-small:10px;--awb-margin-right-small:0px;--awb-margin-bottom-small:10px;--awb-margin-left-small:0px;--awb-font-size:var(--awb-typography2-font-size);\"><h1 class=\"fusion-title-heading title-heading-left\" style=\"font-family:var(--awb-typography2-font-family);font-weight:var(--awb-typography2-font-weight);font-style:var(--awb-typography2-font-style);margin:0;letter-spacing:var(--awb-typography2-letter-spacing);text-transform:uppercase;font-size:1em;line-height:var(--awb-typography2-line-height);\">Pol\u00edtica de privacidad<\/h1><\/div><nav class=\"fusion-breadcrumbs awb-yoast-breadcrumbs fusion-breadcrumbs-1\" style=\"--awb-breadcrumb-sep:&#039;&gt;&#039;;\" aria-label=\"Breadcrumb\"><ol class=\"awb-breadcrumb-list\"><li class=\"fusion-breadcrumb-item awb-breadcrumb-sep awb-home\" ><a href=\"https:\/\/moros.com\/de\/\" class=\"fusion-breadcrumb-link\"><span >Home<\/span><\/a><\/li><\/ol><\/nav><\/div><\/div><\/div><\/div>\n<div class=\"fusion-fullwidth fullwidth-box fusion-builder-row-2 fusion-flex-container has-pattern-background has-mask-background fusion-parallax-none nonhundred-percent-fullwidth non-hundred-percent-height-scrolling main-bg\" style=\"--awb-background-position:left top;--awb-border-radius-top-left:0px;--awb-border-radius-top-right:0px;--awb-border-radius-bottom-right:0px;--awb-border-radius-bottom-left:0px;--awb-margin-top:40px;--awb-background-image:url(&quot;https:\/\/moros.com\/wp-content\/uploads\/2023\/02\/bg-logo.svg&quot;);--awb-background-size:cover;--awb-flex-wrap:wrap;\" ><div class=\"fusion-builder-row fusion-row fusion-flex-align-items-flex-start fusion-flex-content-wrap\" style=\"max-width:1248px;margin-left: calc(-4% \/ 2 );margin-right: calc(-4% \/ 2 );\"><div class=\"fusion-layout-column fusion_builder_column fusion-builder-column-1 fusion_builder_column_1_1 1_1 fusion-flex-column\" style=\"--awb-bg-size:cover;--awb-width-large:100%;--awb-margin-top-large:0px;--awb-spacing-right-large:1.92%;--awb-margin-bottom-large:20px;--awb-spacing-left-large:1.92%;--awb-width-medium:100%;--awb-order-medium:0;--awb-spacing-right-medium:1.92%;--awb-spacing-left-medium:1.92%;--awb-width-small:100%;--awb-order-small:0;--awb-spacing-right-small:1.92%;--awb-spacing-left-small:1.92%;\"><div class=\"fusion-column-wrapper fusion-column-has-shadow fusion-flex-justify-content-flex-start fusion-content-layout-column\"><div class=\"fusion-text fusion-text-1 awb-text-cols fusion-text-columns-2\" style=\"--awb-font-size:0.9em;--awb-text-color:var(--awb-color4);--awb-columns:2;--awb-column-spacing:80px;--awb-column-min-width:100px;--awb-rule-style:4px dotted var(--awb-color6);\"><p>La presente Pol\u00edtica de Privacidad ha sido desarrollada teniendo en cuenta lo establecido en la normativa vigente en materia de protecci\u00f3n de datos: el Reglamento 2016\/679 del Parlamento Europeo y del consejo del 27 de abril de 2016 relativo a la protecci\u00f3n de las personas f\u00edsicas en lo que respecta al tratamiento de datos personales y a la circulaci\u00f3n de estos datos, (en adelante RGPD); y la Ley Org\u00e1nica 3\/2018, de 5 de diciembre, de Protecci\u00f3n de Datos Personales y garant\u00eda de los derechos digitales (en adelante LOPDGDD).<\/p>\n<p>Esta Pol\u00edtica de Privacidad tiene por objeto poner en conocimiento de los titulares de los datos personales, respecto de los cuales se est\u00e1 recabando informaci\u00f3n, los aspectos espec\u00edficos relativos al tratamiento sus datos, entre otras cosas, las finalidades de los tratamientos, los datos de contacto para ejercer los derechos que le asisten, los plazos de conservaci\u00f3n de la informaci\u00f3n y las medidas de seguridad, entre otras cosas.<\/p>\n<p><b>Responsable:<\/b><br \/>Identidad: INDUSTRIAS HIDR\u00c1ULICAS, S.A. (en adelante MOROS)<br \/>CIF: A-99329328<br \/>Domicilio Social: Pol\u00edgono Industrial Malpica C\/ E, n\u00ba 54 \u2013 50016 Zaragoza (Espa\u00f1a)<br \/>Tel\u00e9fono: 976-573-410<br \/>E-mail: <a href=\"mailto:web@moros.com\">web@moros.com<\/a><br \/>Contacto Protecci\u00f3n de Datos: <a href=\"mailto:rrhh@moros.com\">rrhh@moros.com<\/a><\/p>\n<p><b>Tratamiento de datos:<\/b><br \/>Los datos personales que se soliciten, en su caso, consistir\u00e1n \u00fanicamente en aquellos estrictamente imprescindibles para identificar y atender la solicitud realizada por el titular de los mismos, en adelante el interesado. Dicha informaci\u00f3n ser\u00e1 tratada de forma leal, l\u00edcita y transparente en relaci\u00f3n con el interesado. Por otra parte, los datos personales ser\u00e1n recogidos para finalidades determinadas expl\u00edcitas y leg\u00edtimas, no siendo tratados ulteriormente de manera incompatible con dichos fines.  <\/p>\n<p>Los datos recogidos de cada interesado ser\u00e1n adecuados, pertinentes y no excesivos en relaci\u00f3n a las finalidades correspondientes para cada caso, y ser\u00e1n actualizados siempre que sea necesario.<\/p>\n<p>El titular de los datos ser\u00e1 informado, con car\u00e1cter previo a la recogida de sus datos, de los extremos generales regulados en esta pol\u00edtica a fin de que pueda prestar el consentimiento expreso, preciso e inequ\u00edvoco para el tratamiento de sus datos, si \u00e9ste fuese necesario y conforme a los siguientes aspectos.<\/p>\n<p><b>Finalidad:<\/b><br \/>Las finalidades expl\u00edcitas para las cuales se llevan a cabo cada uno de los tratamientos vienen recogidas en las cl\u00e1usulas informativas incorporadas en cada una de las v\u00edas de toma de datos (formularios web, formularios en papel, contratos, carteles, etc.).<\/p>\n<p>No obstante, en general la recogida y tratamiento de los datos tiene como finalidad:<\/p>\n<p>El mantenimiento de la relaci\u00f3n contractual establecida entre el titular de los datos y MOROS.\u200b<\/p>\n<ul>\n<li>La ejecuci\u00f3n, el mantenimiento y gesti\u00f3n de cualesquiera relaciones que pudieran mantener MOROS y el Titular de los Datos: comerciales, administrativas, contables, laborales, de marketing, y de cualquier otra prestaci\u00f3n de servicios que fuese solicitada a MOROS por el Titular de los Datos.<\/li>\n<li>Dar respuesta a las solicitudes de informaci\u00f3n y\/o <a href=\"https:\/\/moros.com\/contacto\/\">contacto<\/a><\/li>\n<li>Disponer de datos de candidatos que optan a participar en procesos de selecci\u00f3n promovidos en MOROS, atender las solicitudes de empleo y gestionar los procesos de selecci\u00f3n llevados a cabo.<\/li>\n<li>El env\u00edo de informaci\u00f3n publicitaria y promocional, relativa a los propios productos de MOROS, siempre que haya prestado su consentimiento para ello o bien exista una relaci\u00f3n comercial\/contractual previa y se refiera al env\u00edo de comunicaciones comerciales referentes a productos o servicios similares a los que inicialmente fueron objeto de contrataci\u00f3n con el cliente (art\u00edculo 21.2 de la Ley 34\/2002, de 11 de julio, de Servicios de la Sociedad de la Informaci\u00f3n y Comercio Electr\u00f3nico).<\/li>\n<li>VIDEOVIGILANCIA: Se informa de que las instalaciones de MOROS est\u00e1n equipadas con sistemas de c\u00e1maras de vigilancia. Los sistemas de c\u00e1maras de vigilancia se instalan con el fin de controlar la seguridad en los accesos y en las instalaciones de la empresa; as\u00ed como garantizar la seguridad de personas, bienes e instalaciones. <\/li>\n<\/ul>\n<p>En ning\u00fan caso ser\u00e1n utilizados para otras finalidades distintas de aqu\u00e9llas para las que han sido recabados.<\/p>\n<p><b>Legitimaci\u00f3n:<\/b><br \/>Por regla general, previo al tratamiento de los datos personales, MOROS obtiene consentimiento inequ\u00edvoco del titular de los mismos, mediante la incorporaci\u00f3n de cl\u00e1usulas de consentimiento<br \/>informado en los diferentes sistemas de recogida de informaci\u00f3n.<\/p>\n<p>No obstante, en caso de que no se requiera el consentimiento del interesado, la base legitimadora del tratamiento en la cual se ampara MOROS es la ejecuci\u00f3n de la relaci\u00f3n contractual establecida, nuestro inter\u00e9s leg\u00edtimo en el desarrollo del negocio, en el caso de la promoci\u00f3n y prospecci\u00f3n comerciales o el cumplimiento de una ley que autorice o exija el tratamiento de los datos del interesado. Si se ha solicitado su consentimiento para alguno de los tratamientos que vamos a llevar a cabo (como es el env\u00edo de informaci\u00f3n sobre productos y servicios) le informamos que puede retirarlo en cualquier momento. <\/p>\n<p><b>Destinatarios:<\/b><br \/>Compartimos sus datos con prestadores de servicios que nos ayudan o dan soporte (encargados del tratamiento), con los que se ha celebrado el preceptivo contrato en los t\u00e9rminos del art\u00edculo 28 del RGPD.<\/p>\n<p>Fuera de esos casos, MOROS no informar\u00e1 sobre sus datos personales a ning\u00fan tercero, salvo que la comunicaci\u00f3n tenga como finalidad el cumplimiento de los fines directamente relacionados con las funciones leg\u00edtimas del cedente y del cesionario o el Titular haya otorgado su consentimiento a dichos efectos o cuando la cesi\u00f3n est\u00e9 autorizada por alguna Ley.<\/p>\n<p>Por ejemplo, en el caso de las im\u00e1genes recogidas por las c\u00e1maras de videovigilancia, \u00e9stas podr\u00e1n ser puestas en conocimiento de la autoridad competente cuando acrediten la comisi\u00f3n de actos que atenten contra la integridad de personas, bienes o instalaciones.<\/p>\n<p>No est\u00e1 prevista la realizaci\u00f3n de transferencias internacionales de datos.<\/p>\n<\/div><div class=\"fusion-separator fusion-full-width-sep\" style=\"align-self: center;margin-left: auto;margin-right: auto;margin-top:30px;width:100%;\"><div class=\"fusion-separator-border sep-single sep-dotted\" style=\"--awb-height:20px;--awb-amount:20px;--awb-sep-color:var(--awb-color5);border-color:var(--awb-color5);border-top-width:4px;\"><\/div><\/div><div class=\"fusion-text fusion-text-2\" style=\"--awb-content-alignment:left;--awb-font-size:0.9em;--awb-text-color:var(--awb-color4);--awb-margin-top:30px;\"><p><strong>Plazos de conservaci\u00f3n<\/strong><br \/>La informaci\u00f3n recabada del interesado ser\u00e1 conservada mientras sea necesaria para cumplir con la finalidad para la cual fueron recabados los datos personales, de forma que, una vez cumplida la finalidad los datos ser\u00e1n cancelados. Dicha cancelaci\u00f3n dar\u00e1 lugar al bloqueo de los datos conserv\u00e1ndose \u00fanicamente a disposici\u00f3n de las AAPP, Jueces y Tribunales, para atender las posibles responsabilidades nacidas del tratamiento, durante el plazo de prescripci\u00f3n de \u00e9stas, cumplido el citado plazo se proceder\u00e1 a la destrucci\u00f3n de la informaci\u00f3n. <\/p>\n<p>A t\u00edtulo informativo, a continuaci\u00f3n se recogen los plazos legales de conservaci\u00f3n de la informaci\u00f3n en relaci\u00f3n a diferentes materias:<\/p>\n<div class=\"dataTables_scrollBody\">\n<table id=\"tablepress-5\" class=\"tablepress tablepress-id-5 dataTable no-footer\">\n<thead>\n<tr class=\"row-1 odd\">\n<th class=\"column-1 sorting_disabled\" colspan=\"1\" rowspan=\"1\">\n<div class=\"dataTables_sizing\">DOCUMENTO<\/div>\n<\/th>\n<th class=\"column-2 sorting_disabled\" colspan=\"1\" rowspan=\"1\">\n<div class=\"dataTables_sizing\">PLAZO<\/div>\n<\/th>\n<th class=\"column-3 sorting_disabled\" colspan=\"1\" rowspan=\"1\">\n<div class=\"dataTables_sizing\">REF. LEGAL <\/div>\n<\/th>\n<\/tr>\n<\/thead>\n<tbody>\n<tr class=\"row-2 even\">\n<td class=\"column-1\">Documentaci\u00f3n de car\u00e1cter laboral o relacionada con la seguridad social<\/td>\n<td class=\"column-2\">4 a\u00f1os<\/td>\n<td class=\"column-3\">Art\u00edculo 21 del Real Decreto Legislativo 5\/2000, de 4 de agosto, por el que se aprueba el texto refundido de la Ley sobre Infracciones y<br \/>Sanciones en el Orden Social<\/td>\n<\/tr>\n<tr class=\"row-3 odd\">\n<td class=\"column-1\">Documentaci\u00f3n contable y fiscal a<br \/>\nefectos mercantiles<\/td>\n<td class=\"column-2\">6 a\u00f1os<\/td>\n<\/p>\n<td class=\"column-3\">Art. 30 C\u00f3digo Comercio<\/td>\n<\/tr>\n<tr class=\"row-4 even\">\n<td class=\"column-1\">Documentaci\u00f3n contable y fiscal a<br \/>\nefectos fiscales<\/td>\n<td class=\"column-2\">4 a\u00f1os<\/td>\n<\/p>\n<td class=\"column-3\">Art\u00edculos 66 a 70 Ley General Tributaria<\/td>\n<\/tr>\n<tr class=\"row-5 odd\">\n<td class=\"column-1\">Datos para el env\u00edo de informaci\u00f3n sobre productos y servicios<\/td>\n<td class=\"column-2\">Mientras el interesado no solicite su supresi\u00f3n<\/td>\n<td class=\"column-3\">No aplicable<\/td>\n<\/tr>\n<tr class=\"row-6 even\">\n<td class=\"column-1\">Datos de CV (candidatos)<\/td>\n<td class=\"column-2\">2 a\u00f1os<\/td>\n<td class=\"column-3\">No aplicable<\/td>\n<\/tr>\n<tr class=\"row-7 odd\">\n<td class=\"column-1\">Datos de personas que han contactado<\/td>\n<td class=\"column-2\">Mientras no solicite su<br \/>\nsupresi\u00f3n<\/td>\n<\/p>\n<td class=\"column-3\">No aplicable<\/td>\n<\/tr>\n<tr class=\"row-8 even\">\n<td class=\"column-1\">Im\u00e1genes recogidas por las c\u00e1maras de videovigilancia<\/td>\n<td class=\"column-2\">Un mes, salvo cuando<br \/>\nhubieran de ser<br \/>conservadas para acreditar la comisi\u00f3n de actos que atenten contra la integridad de<br \/>personas, bienes o<br \/>instalaciones<\/td>\n<\/p>\n<td class=\"column-3\">Art\u00edculo 22 Ley Org\u00e1nica 3\/2018, de Protecci\u00f3n de datos Personales<\/td>\n<\/tr>\n<\/tbody>\n<\/table>\n<\/div>\n<\/div><div class=\"fusion-separator fusion-full-width-sep\" style=\"align-self: center;margin-left: auto;margin-right: auto;margin-top:30px;width:100%;\"><div class=\"fusion-separator-border sep-single sep-dotted\" style=\"--awb-height:20px;--awb-amount:20px;--awb-sep-color:var(--awb-color5);border-color:var(--awb-color5);border-top-width:4px;\"><\/div><\/div><div class=\"fusion-text fusion-text-3 awb-text-cols fusion-text-columns-2\" style=\"--awb-font-size:0.9em;--awb-text-color:var(--awb-color4);--awb-columns:2;--awb-column-spacing:80px;--awb-column-min-width:100px;--awb-rule-style:4px dotted var(--awb-color6);--awb-margin-top:40px;\"><p><strong>Datos de navegaci\u00f3n.<\/strong><br \/>\nEn relaci\u00f3n a los datos de navegaci\u00f3n que se puedan tratar a trav\u00e9s del sitio web, en caso de que se recojan datos sometidos a la normativa, se recomienda consultar la Pol\u00edtica de Cookies publicada en nuestro sitio web, disponible <a href=\"https:\/\/moros.com\/politica-de-cookies\/\">aqu\u00ed<\/a>.<\/p>\n<p><strong>Derechos de los interesados.<\/strong><br \/>\nCualquier persona tiene derecho a obtener confirmaci\u00f3n sobre si MOROS est\u00e1 tratando datos personales que les conciernan, o no.<\/p>\n<p>Las personas interesadas tienen derecho a acceder a sus datos personales, as\u00ed como a solicitar la rectificaci\u00f3n de los datos inexactos o, en su caso, solicitar su supresi\u00f3n cuando, entre otros motivos, los datos ya no sean necesarios para los fines que fueron recogidos.<\/p>\n<p>En determinadas circunstancias, los interesados podr\u00e1n solicitar la limitaci\u00f3n del tratamiento de sus datos, en cuyo caso \u00fanicamente los conservaremos para el ejercicio o la defensa de reclamaciones. En determinadas circunstancias y por motivos relacionados con su situaci\u00f3n particular, los interesados podr\u00e1n oponerse al tratamiento de sus datos. En este caso, MOROS dejar\u00e1 de tratar los datos, salvo por motivos leg\u00edtimos imperiosos, o el ejercicio o la defensa de posibles reclamaciones. Los interesados podr\u00e1n ejercitar los derechos indicados, dirigi\u00e9ndose a MOROS, en Pol\u00edgono Industrial Malpica C\/ E, n\u00ba 54 \u2013 50016 Zaragoza o en la direcci\u00f3n de correo electr\u00f3nico<a href=\"mailto:rrhh@moros.com\"> rrhh@moros.com<\/a>, adjuntando en todo caso, fotocopia del D.N.I o documento equivalente v\u00e1lido en derecho que permita acreditar su identidad.   <\/p>\n<p>Igualmente tiene la posibilidad de presentar una reclamaci\u00f3n ante la Agencia Espa\u00f1ola de Protecci\u00f3n de Datos (aepd.es) en el caso de que considere que el tratamiento de sus datos no est\u00e1 siendo adecuado.<\/p>\n<p><strong>Seguridad<\/strong><br \/>\nLas medidas de seguridad adoptadas por MOROS son aquellas requeridas, de conformidad con lo establecido en el art\u00edculo 32 del RGPD. En este sentido, teniendo en cuenta el estado de la t\u00e9cnica, los costes de aplicaci\u00f3n y la naturaleza, el alcance, el contexto y los fines del tratamiento, as\u00ed como los riesgos de probabilidad y gravedad variables para los derechos y las libertades de las personas f\u00edsicas, tiene establecidas las medidas t\u00e9cnicas y organizativas apropiadas para garantizar el nivel de seguridad<br \/>\nadecuado al riesgo existente. <\/p>\n<p>En todo caso, MOROS tiene implementados los mecanismos suficientes para:<\/p>\n<ol>\n<li>Garantizar la confidencialidad, integridad, disponibilidad y resiliencia permanentes de los sistemas y<br \/>\nservicios de tratamiento.<\/li>\n<li>Restaurar la disponibilidad y el acceso a los datos personales de forma r\u00e1pida, en caso de incidente f\u00edsico<br \/>\no t\u00e9cnico.<\/li>\n<li>Verificar, evaluar y valorar, de forma regular, la eficacia de las medidas t\u00e9cnicas y organizativas implantadas para garantizar la seguridad del tratamiento.<\/li>\n<li> Seudonimizar y cifrar los datos personales, en su caso.<\/li>\n<\/ol>\n<\/div><\/div><\/div><\/div><\/div><\/p>\n","protected":false},"excerpt":{"rendered":"","protected":false},"author":1,"featured_media":0,"parent":0,"menu_order":0,"comment_status":"closed","ping_status":"closed","template":"100-width.php","meta":{"footnotes":""},"class_list":["post-3348","page","type-page","status-publish","hentry"],"yoast_head":"<!-- This site is optimized with the Yoast SEO plugin v27.3 - https:\/\/yoast.com\/product\/yoast-seo-wordpress\/ -->\n<title>Pol\u00edtica de privacidad - MOROS Industrias Hidr\u00e1ulicas, s.a.<\/title>\n<meta name=\"description\" content=\"MOROS Industrias Hidr\u00e1ulicas, S.A. dise\u00f1a y fabrica prensas, cizallas y molinos trituradores para procesar chatarra y otros materiales. Pol\u00edtica de privacidad.\" \/>\n<meta name=\"robots\" content=\"index, follow, max-snippet:-1, max-image-preview:large, max-video-preview:-1\" \/>\n<link rel=\"canonical\" href=\"https:\/\/moros.com\/de\/politica-de-privacidad-2\/\" \/>\n<meta property=\"og:locale\" content=\"de_DE\" \/>\n<meta property=\"og:type\" content=\"article\" \/>\n<meta property=\"og:title\" content=\"Pol\u00edtica de privacidad - MOROS Industrias Hidr\u00e1ulicas, s.a.\" \/>\n<meta property=\"og:description\" content=\"MOROS Industrias Hidr\u00e1ulicas, S.A. dise\u00f1a y fabrica prensas, cizallas y molinos trituradores para procesar chatarra y otros materiales. Pol\u00edtica de privacidad.\" \/>\n<meta property=\"og:url\" content=\"https:\/\/moros.com\/de\/politica-de-privacidad-2\/\" \/>\n<meta property=\"og:site_name\" content=\"MOROS Industrias Hidr\u00e1ulicas, s.a.\" \/>\n<meta property=\"article:modified_time\" content=\"2025-04-30T14:29:25+00:00\" \/>\n<meta name=\"twitter:card\" content=\"summary_large_image\" \/>\n<meta name=\"twitter:label1\" content=\"Gesch\u00e4tzte Lesezeit\" \/>\n\t<meta name=\"twitter:data1\" content=\"12\u00a0Minuten\" \/>\n<script type=\"application\/ld+json\" class=\"yoast-schema-graph\">{\"@context\":\"https:\\\/\\\/schema.org\",\"@graph\":[{\"@type\":\"WebPage\",\"@id\":\"https:\\\/\\\/moros.com\\\/de\\\/politica-de-privacidad-2\\\/\",\"url\":\"https:\\\/\\\/moros.com\\\/de\\\/politica-de-privacidad-2\\\/\",\"name\":\"Pol\u00edtica de privacidad - MOROS Industrias Hidr\u00e1ulicas, s.a.\",\"isPartOf\":{\"@id\":\"https:\\\/\\\/moros.com\\\/#website\"},\"datePublished\":\"2023-02-15T12:34:16+00:00\",\"dateModified\":\"2025-04-30T14:29:25+00:00\",\"description\":\"MOROS Industrias Hidr\u00e1ulicas, S.A. dise\u00f1a y fabrica prensas, cizallas y molinos trituradores para procesar chatarra y otros materiales. Pol\u00edtica de privacidad.\",\"inLanguage\":\"de\",\"potentialAction\":[{\"@type\":\"ReadAction\",\"target\":[\"https:\\\/\\\/moros.com\\\/de\\\/politica-de-privacidad-2\\\/\"]}]},{\"@type\":\"WebSite\",\"@id\":\"https:\\\/\\\/moros.com\\\/#website\",\"url\":\"https:\\\/\\\/moros.com\\\/\",\"name\":\"MOROS Industrias Hidr\u00e1ulicas, s.a.\",\"description\":\"Prensas y cizallas para chatarra\",\"potentialAction\":[{\"@type\":\"SearchAction\",\"target\":{\"@type\":\"EntryPoint\",\"urlTemplate\":\"https:\\\/\\\/moros.com\\\/?s={search_term_string}\"},\"query-input\":{\"@type\":\"PropertyValueSpecification\",\"valueRequired\":true,\"valueName\":\"search_term_string\"}}],\"inLanguage\":\"de\"}]}<\/script>\n<!-- \/ Yoast SEO plugin. -->","yoast_head_json":{"title":"Pol\u00edtica de privacidad - MOROS Industrias Hidr\u00e1ulicas, s.a.","description":"MOROS Industrias Hidr\u00e1ulicas, S.A. dise\u00f1a y fabrica prensas, cizallas y molinos trituradores para procesar chatarra y otros materiales. Pol\u00edtica de privacidad.","robots":{"index":"index","follow":"follow","max-snippet":"max-snippet:-1","max-image-preview":"max-image-preview:large","max-video-preview":"max-video-preview:-1"},"canonical":"https:\/\/moros.com\/de\/politica-de-privacidad-2\/","og_locale":"de_DE","og_type":"article","og_title":"Pol\u00edtica de privacidad - MOROS Industrias Hidr\u00e1ulicas, s.a.","og_description":"MOROS Industrias Hidr\u00e1ulicas, S.A. dise\u00f1a y fabrica prensas, cizallas y molinos trituradores para procesar chatarra y otros materiales. Pol\u00edtica de privacidad.","og_url":"https:\/\/moros.com\/de\/politica-de-privacidad-2\/","og_site_name":"MOROS Industrias Hidr\u00e1ulicas, s.a.","article_modified_time":"2025-04-30T14:29:25+00:00","twitter_card":"summary_large_image","twitter_misc":{"Gesch\u00e4tzte Lesezeit":"12\u00a0Minuten"},"schema":{"@context":"https:\/\/schema.org","@graph":[{"@type":"WebPage","@id":"https:\/\/moros.com\/de\/politica-de-privacidad-2\/","url":"https:\/\/moros.com\/de\/politica-de-privacidad-2\/","name":"Pol\u00edtica de privacidad - MOROS Industrias Hidr\u00e1ulicas, s.a.","isPartOf":{"@id":"https:\/\/moros.com\/#website"},"datePublished":"2023-02-15T12:34:16+00:00","dateModified":"2025-04-30T14:29:25+00:00","description":"MOROS Industrias Hidr\u00e1ulicas, S.A. dise\u00f1a y fabrica prensas, cizallas y molinos trituradores para procesar chatarra y otros materiales. Pol\u00edtica de privacidad.","inLanguage":"de","potentialAction":[{"@type":"ReadAction","target":["https:\/\/moros.com\/de\/politica-de-privacidad-2\/"]}]},{"@type":"WebSite","@id":"https:\/\/moros.com\/#website","url":"https:\/\/moros.com\/","name":"MOROS Industrias Hidr\u00e1ulicas, s.a.","description":"Prensas y cizallas para chatarra","potentialAction":[{"@type":"SearchAction","target":{"@type":"EntryPoint","urlTemplate":"https:\/\/moros.com\/?s={search_term_string}"},"query-input":{"@type":"PropertyValueSpecification","valueRequired":true,"valueName":"search_term_string"}}],"inLanguage":"de"}]}},"_links":{"self":[{"href":"https:\/\/moros.com\/de\/wp-json\/wp\/v2\/pages\/3348","targetHints":{"allow":["GET"]}}],"collection":[{"href":"https:\/\/moros.com\/de\/wp-json\/wp\/v2\/pages"}],"about":[{"href":"https:\/\/moros.com\/de\/wp-json\/wp\/v2\/types\/page"}],"author":[{"embeddable":true,"href":"https:\/\/moros.com\/de\/wp-json\/wp\/v2\/users\/1"}],"replies":[{"embeddable":true,"href":"https:\/\/moros.com\/de\/wp-json\/wp\/v2\/comments?post=3348"}],"version-history":[{"count":2,"href":"https:\/\/moros.com\/de\/wp-json\/wp\/v2\/pages\/3348\/revisions"}],"predecessor-version":[{"id":3350,"href":"https:\/\/moros.com\/de\/wp-json\/wp\/v2\/pages\/3348\/revisions\/3350"}],"wp:attachment":[{"href":"https:\/\/moros.com\/de\/wp-json\/wp\/v2\/media?parent=3348"}],"curies":[{"name":"wp","href":"https:\/\/api.w.org\/{rel}","templated":true}]}}