{"id":2578,"date":"2023-02-15T16:09:07","date_gmt":"2023-02-15T16:09:07","guid":{"rendered":"https:\/\/moros.com\/moros-new\/legal-notice\/"},"modified":"2023-02-16T10:29:18","modified_gmt":"2023-02-16T10:29:18","slug":"legal-notice","status":"publish","type":"page","link":"https:\/\/moros.com\/en\/legal-notice\/","title":{"rendered":"LEGAL NOTICE"},"content":{"rendered":"<p><div class=\"fusion-fullwidth fullwidth-box fusion-builder-row-1 fusion-flex-container has-pattern-background has-mask-background nonhundred-percent-fullwidth non-hundred-percent-height-scrolling\" style=\"--awb-border-radius-top-left:0px;--awb-border-radius-top-right:0px;--awb-border-radius-bottom-right:0px;--awb-border-radius-bottom-left:0px;--awb-background-color:var(--awb-color6);--awb-flex-wrap:wrap;\" ><div class=\"fusion-builder-row fusion-row fusion-flex-align-items-center fusion-flex-content-wrap\" style=\"max-width:1248px;margin-left: calc(-4% \/ 2 );margin-right: calc(-4% \/ 2 );\"><div class=\"fusion-layout-column fusion_builder_column fusion-builder-column-0 fusion_builder_column_1_1 1_1 fusion-flex-column\" style=\"--awb-bg-size:cover;--awb-width-large:100%;--awb-margin-top-large:0px;--awb-spacing-right-large:1.92%;--awb-margin-bottom-large:10px;--awb-spacing-left-large:1.92%;--awb-width-medium:100%;--awb-order-medium:0;--awb-spacing-right-medium:1.92%;--awb-spacing-left-medium:1.92%;--awb-width-small:100%;--awb-order-small:0;--awb-spacing-right-small:1.92%;--awb-spacing-left-small:1.92%;\"><div class=\"fusion-column-wrapper fusion-column-has-shadow fusion-flex-justify-content-flex-start fusion-content-layout-column\"><div class=\"fusion-title title fusion-title-1 fusion-sep-none fusion-title-text fusion-title-size-one\" style=\"--awb-text-color:var(--awb-color1);--awb-margin-bottom:5px;--awb-margin-top-small:10px;--awb-margin-right-small:0px;--awb-margin-bottom-small:10px;--awb-margin-left-small:0px;--awb-font-size:var(--awb-typography2-font-size);\"><h1 class=\"fusion-title-heading title-heading-left\" style=\"font-family:var(--awb-typography2-font-family);font-weight:var(--awb-typography2-font-weight);font-style:var(--awb-typography2-font-style);margin:0;letter-spacing:var(--awb-typography2-letter-spacing);text-transform:uppercase;font-size:1em;line-height:var(--awb-typography2-line-height);\">LEGAL NOTICE<\/h1><\/div><nav class=\"fusion-breadcrumbs awb-yoast-breadcrumbs fusion-breadcrumbs-1\" style=\"--awb-breadcrumb-sep:&#039;&gt;&#039;;\" aria-label=\"Breadcrumb\"><ol class=\"awb-breadcrumb-list\"><li class=\"fusion-breadcrumb-item awb-breadcrumb-sep awb-home\" ><a href=\"https:\/\/moros.com\/en\/\" class=\"fusion-breadcrumb-link\"><span >Home<\/span><\/a><\/li><\/ol><\/nav><\/div><\/div><\/div><\/div>\n<div class=\"fusion-fullwidth fullwidth-box fusion-builder-row-2 fusion-flex-container has-pattern-background has-mask-background fusion-parallax-none nonhundred-percent-fullwidth non-hundred-percent-height-scrolling main-bg\" style=\"--awb-background-position:left top;--awb-border-radius-top-left:0px;--awb-border-radius-top-right:0px;--awb-border-radius-bottom-right:0px;--awb-border-radius-bottom-left:0px;--awb-margin-top:40px;--awb-background-image:url(&quot;https:\/\/moros.com\/wp-content\/uploads\/2023\/02\/bg-logo.svg&quot;);--awb-background-size:cover;--awb-flex-wrap:wrap;\" ><div class=\"fusion-builder-row fusion-row fusion-flex-align-items-flex-start fusion-flex-content-wrap\" style=\"max-width:1248px;margin-left: calc(-4% \/ 2 );margin-right: calc(-4% \/ 2 );\"><div class=\"fusion-layout-column fusion_builder_column fusion-builder-column-1 fusion_builder_column_1_1 1_1 fusion-flex-column\" style=\"--awb-bg-size:cover;--awb-width-large:100%;--awb-margin-top-large:0px;--awb-spacing-right-large:1.92%;--awb-margin-bottom-large:20px;--awb-spacing-left-large:1.92%;--awb-width-medium:100%;--awb-order-medium:0;--awb-spacing-right-medium:1.92%;--awb-spacing-left-medium:1.92%;--awb-width-small:100%;--awb-order-small:0;--awb-spacing-right-small:1.92%;--awb-spacing-left-small:1.92%;\"><div class=\"fusion-column-wrapper fusion-column-has-shadow fusion-flex-justify-content-flex-start fusion-content-layout-column\"><div class=\"fusion-text fusion-text-1 awb-text-cols fusion-text-columns-2\" style=\"--awb-font-size:0.9em;--awb-text-color:var(--awb-color4);--awb-columns:2;--awb-column-spacing:80px;--awb-column-min-width:100px;--awb-rule-style:4px dotted var(--awb-color6);--awb-margin-top:40px;\"><div>\n<p class=\"parr_Cook\">In fulfillment of the law 34\/2002 of 11 July, services of the information society and electronic commerce, we inform you the following information:<\/p>\n<\/div>\n<div>\n<p class=\"parr_Cook\">Owner of this site: INDUSTRIAS HIDRAULICAS, S.A.<br \/>\nCommercial name: MOROS<br \/>\nRegistered office: Pol. IND. Malpica, c \/ e, 54-55<br \/>\nZip and town, Province and State: 50080 \u2013 ZARAGOZA \u2013 (Spain)<br \/>\nPhone: + 34 976 573 410<br \/>\nFax: + 34 976 57 23 54<br \/>\nCIF: A-99329328<br \/>\nE-mail: <a href=\"mailto:web@moros.com\">web@moros.com<\/a><br \/>\nDomain name \/ website: <a href=\"http:\/\/moros.com\/\" target=\"_blank\" rel=\"noopener noreferrer\">www.moros.com<\/a><br \/>\nEntered in the Mercantile Register of Zaragoza, seat 1079, 233, Volume 13 of the newspaper folio.<\/p>\n<\/div>\n<div>\n<p class=\"parr_Cook\">INDUSTRIAS Hidraulicas, S.A. (Moros) it makes this website available to users of the Internet in order to provide information about products or services offered by it, as well as allow users to perform any type of inquiry or suggestion via mail to the address above indicated or through this web site.<\/p>\n<p class=\"parr_Cook\">The criteria used by the Moros concerning the use of the personal data provided freely and voluntarily by users are those mentioned in their privacy policy.<\/p>\n<p class=\"parr_Cook\">MOROS may carry out, at any time and without prior notice, modifications and updates to the information contained in this web site or in its configuration or presentation. As a result, does not guarantee the full effectiveness of its website or the absence of some errors. It undertakes to modify your web site when the technical, organisational circumstances deem appropriate and as soon as possible.<\/p>\n<p class=\"parr_Cook\">Similarly, the owner of this website, moros, is not responsible for direct or indirect damages which may arise from the use of the website or its contents. Is he not responsible for the damage to computer systems that could lead to the visiting user access to the contents of this site. Does not control or guarantee the absence of virus or other elements in the contents that can produce alterations in its computer system (software and hardware) or in the electronic documents and files stored in its computer system.<\/p>\n<p class=\"parr_Cook\">All links of third parties to this website must be in accordance with good faith and respecting the rights of the proprietor, and must communicate prior to the owner of this site above. The link must be to your main page, being expressly prohibited \u201cdeep links\u201d, the \u201cframing\u201d and any other use of the contents of the website in favour of third parties, if it is not authorized.<\/p>\n<p class=\"parr_Cook\">The function of the links that are set to other web sites from this page does not imply a Moros to promote, endorse, guarantees or recommends that website. Those links can be conducted only for purposes of reference. All content displayed on this web site and in particular, designs, texts, logos, trademarks, buttons or any other signs susceptible to industrial and commercial use are subject to rights of intellectual and industrial property of Moros or third parties.<\/p>\n<p class=\"parr_Cook\">Moros services are not intended for minors, therefore Moros does not request or collect information relating to minors. Should you have any suggestions or comments you can contact us via email: <a href=\"mailto:web@moros.com\">web@moros.com<\/a><\/p>\n<\/div>\n<\/div><\/div><\/div><\/div><\/div><\/p>\n","protected":false},"excerpt":{"rendered":"","protected":false},"author":1,"featured_media":0,"parent":0,"menu_order":0,"comment_status":"closed","ping_status":"closed","template":"100-width.php","meta":{"footnotes":""},"class_list":["post-2578","page","type-page","status-publish","hentry"],"yoast_head":"<!-- This site is optimized with the Yoast SEO plugin v27.5 - https:\/\/yoast.com\/product\/yoast-seo-wordpress\/ -->\n<title>LEGAL NOTICE - MOROS Industrias Hidr\u00e1ulicas, s.a.<\/title>\n<meta name=\"description\" content=\"MOROS Industrias Hidr\u00e1ulicas, S.A. dise\u00f1a y fabrica prensas, cizallas y molinos trituradores para procesar chatarra y otros materiales. LEGAL NOTICE.\" \/>\n<meta name=\"robots\" content=\"index, follow, max-snippet:-1, max-image-preview:large, max-video-preview:-1\" \/>\n<link rel=\"canonical\" href=\"https:\/\/moros.com\/en\/legal-notice\/\" \/>\n<meta property=\"og:locale\" content=\"en_US\" \/>\n<meta property=\"og:type\" content=\"article\" \/>\n<meta property=\"og:title\" content=\"LEGAL NOTICE - MOROS Industrias Hidr\u00e1ulicas, s.a.\" \/>\n<meta property=\"og:description\" content=\"MOROS Industrias Hidr\u00e1ulicas, S.A. dise\u00f1a y fabrica prensas, cizallas y molinos trituradores para procesar chatarra y otros materiales. LEGAL NOTICE.\" \/>\n<meta property=\"og:url\" content=\"https:\/\/moros.com\/en\/legal-notice\/\" \/>\n<meta property=\"og:site_name\" content=\"MOROS Industrias Hidr\u00e1ulicas, s.a.\" \/>\n<meta property=\"article:modified_time\" content=\"2023-02-16T10:29:18+00:00\" \/>\n<meta name=\"twitter:card\" content=\"summary_large_image\" \/>\n<meta name=\"twitter:label1\" content=\"Est. reading time\" \/>\n\t<meta name=\"twitter:data1\" content=\"5 minutes\" \/>\n<script type=\"application\/ld+json\" class=\"yoast-schema-graph\">{\"@context\":\"https:\\\/\\\/schema.org\",\"@graph\":[{\"@type\":\"WebPage\",\"@id\":\"https:\\\/\\\/moros.com\\\/en\\\/legal-notice\\\/\",\"url\":\"https:\\\/\\\/moros.com\\\/en\\\/legal-notice\\\/\",\"name\":\"LEGAL NOTICE - MOROS Industrias Hidr\u00e1ulicas, s.a.\",\"isPartOf\":{\"@id\":\"https:\\\/\\\/moros.com\\\/#website\"},\"datePublished\":\"2023-02-15T16:09:07+00:00\",\"dateModified\":\"2023-02-16T10:29:18+00:00\",\"description\":\"MOROS Industrias Hidr\u00e1ulicas, S.A. dise\u00f1a y fabrica prensas, cizallas y molinos trituradores para procesar chatarra y otros materiales. LEGAL NOTICE.\",\"inLanguage\":\"en-US\",\"potentialAction\":[{\"@type\":\"ReadAction\",\"target\":[\"https:\\\/\\\/moros.com\\\/en\\\/legal-notice\\\/\"]}]},{\"@type\":\"WebSite\",\"@id\":\"https:\\\/\\\/moros.com\\\/#website\",\"url\":\"https:\\\/\\\/moros.com\\\/\",\"name\":\"MOROS Industrias Hidr\u00e1ulicas, s.a.\",\"description\":\"Prensas y cizallas para chatarra\",\"potentialAction\":[{\"@type\":\"SearchAction\",\"target\":{\"@type\":\"EntryPoint\",\"urlTemplate\":\"https:\\\/\\\/moros.com\\\/?s={search_term_string}\"},\"query-input\":{\"@type\":\"PropertyValueSpecification\",\"valueRequired\":true,\"valueName\":\"search_term_string\"}}],\"inLanguage\":\"en-US\"}]}<\/script>\n<!-- \/ Yoast SEO plugin. -->","yoast_head_json":{"title":"LEGAL NOTICE - MOROS Industrias Hidr\u00e1ulicas, s.a.","description":"MOROS Industrias Hidr\u00e1ulicas, S.A. dise\u00f1a y fabrica prensas, cizallas y molinos trituradores para procesar chatarra y otros materiales. LEGAL NOTICE.","robots":{"index":"index","follow":"follow","max-snippet":"max-snippet:-1","max-image-preview":"max-image-preview:large","max-video-preview":"max-video-preview:-1"},"canonical":"https:\/\/moros.com\/en\/legal-notice\/","og_locale":"en_US","og_type":"article","og_title":"LEGAL NOTICE - MOROS Industrias Hidr\u00e1ulicas, s.a.","og_description":"MOROS Industrias Hidr\u00e1ulicas, S.A. dise\u00f1a y fabrica prensas, cizallas y molinos trituradores para procesar chatarra y otros materiales. LEGAL NOTICE.","og_url":"https:\/\/moros.com\/en\/legal-notice\/","og_site_name":"MOROS Industrias Hidr\u00e1ulicas, s.a.","article_modified_time":"2023-02-16T10:29:18+00:00","twitter_card":"summary_large_image","twitter_misc":{"Est. reading time":"5 minutes"},"schema":{"@context":"https:\/\/schema.org","@graph":[{"@type":"WebPage","@id":"https:\/\/moros.com\/en\/legal-notice\/","url":"https:\/\/moros.com\/en\/legal-notice\/","name":"LEGAL NOTICE - MOROS Industrias Hidr\u00e1ulicas, s.a.","isPartOf":{"@id":"https:\/\/moros.com\/#website"},"datePublished":"2023-02-15T16:09:07+00:00","dateModified":"2023-02-16T10:29:18+00:00","description":"MOROS Industrias Hidr\u00e1ulicas, S.A. dise\u00f1a y fabrica prensas, cizallas y molinos trituradores para procesar chatarra y otros materiales. LEGAL NOTICE.","inLanguage":"en-US","potentialAction":[{"@type":"ReadAction","target":["https:\/\/moros.com\/en\/legal-notice\/"]}]},{"@type":"WebSite","@id":"https:\/\/moros.com\/#website","url":"https:\/\/moros.com\/","name":"MOROS Industrias Hidr\u00e1ulicas, s.a.","description":"Prensas y cizallas para chatarra","potentialAction":[{"@type":"SearchAction","target":{"@type":"EntryPoint","urlTemplate":"https:\/\/moros.com\/?s={search_term_string}"},"query-input":{"@type":"PropertyValueSpecification","valueRequired":true,"valueName":"search_term_string"}}],"inLanguage":"en-US"}]}},"_links":{"self":[{"href":"https:\/\/moros.com\/en\/wp-json\/wp\/v2\/pages\/2578","targetHints":{"allow":["GET"]}}],"collection":[{"href":"https:\/\/moros.com\/en\/wp-json\/wp\/v2\/pages"}],"about":[{"href":"https:\/\/moros.com\/en\/wp-json\/wp\/v2\/types\/page"}],"author":[{"embeddable":true,"href":"https:\/\/moros.com\/en\/wp-json\/wp\/v2\/users\/1"}],"replies":[{"embeddable":true,"href":"https:\/\/moros.com\/en\/wp-json\/wp\/v2\/comments?post=2578"}],"version-history":[{"count":2,"href":"https:\/\/moros.com\/en\/wp-json\/wp\/v2\/pages\/2578\/revisions"}],"predecessor-version":[{"id":2580,"href":"https:\/\/moros.com\/en\/wp-json\/wp\/v2\/pages\/2578\/revisions\/2580"}],"wp:attachment":[{"href":"https:\/\/moros.com\/en\/wp-json\/wp\/v2\/media?parent=2578"}],"curies":[{"name":"wp","href":"https:\/\/api.w.org\/{rel}","templated":true}]}}