{"id":2606,"date":"2023-02-16T07:39:36","date_gmt":"2023-02-16T07:39:36","guid":{"rendered":"https:\/\/moros.com\/moros-new\/cookies-policy\/"},"modified":"2023-11-27T12:52:09","modified_gmt":"2023-11-27T12:52:09","slug":"cookies-policy","status":"publish","type":"page","link":"https:\/\/moros.com\/en\/cookies-policy\/","title":{"rendered":"Cookies Policy"},"content":{"rendered":"<p><div class=\"fusion-fullwidth fullwidth-box fusion-builder-row-1 fusion-flex-container has-pattern-background has-mask-background nonhundred-percent-fullwidth non-hundred-percent-height-scrolling\" style=\"--awb-border-radius-top-left:0px;--awb-border-radius-top-right:0px;--awb-border-radius-bottom-right:0px;--awb-border-radius-bottom-left:0px;--awb-background-color:var(--awb-color6);--awb-flex-wrap:wrap;\" ><div class=\"fusion-builder-row fusion-row fusion-flex-align-items-center fusion-flex-content-wrap\" style=\"max-width:1248px;margin-left: calc(-4% \/ 2 );margin-right: calc(-4% \/ 2 );\"><div class=\"fusion-layout-column fusion_builder_column fusion-builder-column-0 fusion_builder_column_1_1 1_1 fusion-flex-column\" style=\"--awb-bg-size:cover;--awb-width-large:100%;--awb-margin-top-large:0px;--awb-spacing-right-large:1.92%;--awb-margin-bottom-large:10px;--awb-spacing-left-large:1.92%;--awb-width-medium:100%;--awb-order-medium:0;--awb-spacing-right-medium:1.92%;--awb-spacing-left-medium:1.92%;--awb-width-small:100%;--awb-order-small:0;--awb-spacing-right-small:1.92%;--awb-spacing-left-small:1.92%;\"><div class=\"fusion-column-wrapper fusion-column-has-shadow fusion-flex-justify-content-flex-start fusion-content-layout-column\"><div class=\"fusion-title title fusion-title-1 fusion-sep-none fusion-title-text fusion-title-size-one\" style=\"--awb-text-color:var(--awb-color1);--awb-margin-bottom:5px;--awb-margin-top-small:10px;--awb-margin-right-small:0px;--awb-margin-bottom-small:10px;--awb-margin-left-small:0px;--awb-font-size:var(--awb-typography2-font-size);\"><h1 class=\"fusion-title-heading title-heading-left\" style=\"font-family:var(--awb-typography2-font-family);font-weight:var(--awb-typography2-font-weight);font-style:var(--awb-typography2-font-style);margin:0;letter-spacing:var(--awb-typography2-letter-spacing);text-transform:uppercase;font-size:1em;line-height:var(--awb-typography2-line-height);\">Cookies Policy<\/h1><\/div><nav class=\"fusion-breadcrumbs awb-yoast-breadcrumbs fusion-breadcrumbs-1\" style=\"--awb-breadcrumb-sep:&#039;&gt;&#039;;\" aria-label=\"Breadcrumb\"><ol class=\"awb-breadcrumb-list\"><li class=\"fusion-breadcrumb-item awb-breadcrumb-sep awb-home\" ><a href=\"https:\/\/moros.com\/en\/\" class=\"fusion-breadcrumb-link\"><span >Home<\/span><\/a><\/li><\/ol><\/nav><\/div><\/div><\/div><\/div>\n<div class=\"fusion-fullwidth fullwidth-box fusion-builder-row-2 fusion-flex-container has-pattern-background has-mask-background fusion-parallax-none nonhundred-percent-fullwidth non-hundred-percent-height-scrolling main-bg\" style=\"--awb-background-position:left top;--awb-border-radius-top-left:0px;--awb-border-radius-top-right:0px;--awb-border-radius-bottom-right:0px;--awb-border-radius-bottom-left:0px;--awb-margin-top:40px;--awb-background-image:url(&quot;https:\/\/moros.com\/wp-content\/uploads\/2023\/02\/bg-logo.svg&quot;);--awb-background-size:cover;--awb-flex-wrap:wrap;\" ><div class=\"fusion-builder-row fusion-row fusion-flex-align-items-flex-start fusion-flex-content-wrap\" style=\"max-width:1248px;margin-left: calc(-4% \/ 2 );margin-right: calc(-4% \/ 2 );\"><div class=\"fusion-layout-column fusion_builder_column fusion-builder-column-1 fusion_builder_column_1_1 1_1 fusion-flex-column\" style=\"--awb-bg-size:cover;--awb-width-large:100%;--awb-margin-top-large:0px;--awb-spacing-right-large:1.92%;--awb-margin-bottom-large:20px;--awb-spacing-left-large:1.92%;--awb-width-medium:100%;--awb-order-medium:0;--awb-spacing-right-medium:1.92%;--awb-spacing-left-medium:1.92%;--awb-width-small:100%;--awb-order-small:0;--awb-spacing-right-small:1.92%;--awb-spacing-left-small:1.92%;\"><div class=\"fusion-column-wrapper fusion-column-has-shadow fusion-flex-justify-content-flex-start fusion-content-layout-column\"><div class=\"fusion-text fusion-text-1 awb-text-cols fusion-text-columns-2\" style=\"--awb-font-size:0.9em;--awb-text-color:var(--awb-color4);--awb-columns:2;--awb-column-spacing:80px;--awb-column-min-width:100px;--awb-rule-style:4px dotted var(--awb-color6);--awb-margin-top:40px;\"><h4>\u00bfQu\u00e9 son las cookies?<\/h4>\n<p>Este sitio web utiliza cookies y\/o tecnolog\u00edas similares que almacenan y recuperan informaci\u00f3n cuando navegas. En general, estas tecnolog\u00edas pueden servir para finalidades muy diversas, como, por ejemplo, reconocerte como usuario, obtener informaci\u00f3n sobre tus h\u00e1bitos de navegaci\u00f3n, o personalizar la forma en que se muestra el contenido. Los usos concretos que hacemos de estas tecnolog\u00edas se describen a continuaci\u00f3n.<\/p>\n<h4>\u00bfQu\u00e9 tipos de cookies se utilizan en esta p\u00e1gina web?<\/h4>\n<p><strong>a) Cookies t\u00e9cnicas:<\/strong> son aquellas que permiten al usuario la navegaci\u00f3n a trav\u00e9s de la p\u00e1gina web, plataforma o aplicaci\u00f3n y la utilizaci\u00f3n de las diferentes opciones o servicios que en ella existen, incluyendo aquellas que se utilizan para permitir la gesti\u00f3n y operativa de la p\u00e1gina web y habilitar sus funciones y servicios, como, por ejemplo, controlar el tr\u00e1fico y la comunicaci\u00f3n de datos, identificar la sesi\u00f3n, acceder a partes de acceso restringido, etc.<\/p>\n<p><strong>b) Cookies de preferencias o personalizaci\u00f3n:<\/strong> son aquellas que permiten recordar informaci\u00f3n para que el usuario acceda al servicio con determinadas caracter\u00edsticas que pueden diferenciar su experiencia de la de otros usuarios, como, por ejemplo, el idioma, el n\u00famero de resultados a mostrar cuando el usuario realiza una b\u00fasqueda, el aspecto o contenido del servicio en funci\u00f3n del tipo de navegador a trav\u00e9s del cual el usuario accede al servicio, etc.<\/p>\n<p><strong>c) Cookies de an\u00e1lisis o medici\u00f3n:<\/strong> son aquellas que, tratadas por nosotros o por terceros, nos permiten cuantificar el n\u00famero de usuarios y as\u00ed realizar la medici\u00f3n y an\u00e1lisis estad\u00edstico de la utilizaci\u00f3n que hacen los usuarios del servicio ofertado. Para ello se analiza su navegaci\u00f3n en nuestra p\u00e1gina web con el fin de mejorar la oferta de productos o servicios que se ofrecen.<\/p>\n<p><strong>d) Cookies de publicidad comportamental:<\/strong> son aquellas que, tratadas por nosotros o por terceros, nos permiten analizar sus h\u00e1bitos de navegaci\u00f3n en Internet para que podamos mostrarle publicidad relacionada con su perfil de navegaci\u00f3n.<\/p>\n<h4>\u00bfQui\u00e9n utiliza las cookies?<\/h4>\n<p><strong>a) Cookies propias:<\/strong> son aquellas que se env\u00edan al equipo terminal del usuario desde un equipo o dominio gestionado por el propio responsable de la web y desde el que se presta el servicio solicitado por el usuario.<br \/>\n<strong>b) Cookies de tercero:<\/strong> son aquellas que se env\u00edan al equipo terminal del usuario desde un equipo o dominio que no es gestionado por el responsable de la web, sino por otra entidad que trata los datos obtenidos trav\u00e9s de las cookies.<\/p>\n<p><strong>b.1)<\/strong> Esta p\u00e1gina web utiliza Google Analytics, un servicio anal\u00edtico de web prestado por Google, Inc., una compa\u00f1\u00eda de Delaware cuya oficina principal est\u00e1 en 1600 Amphitheatre Parkway, Mountain View (California), CA 94043, Estados Unidos (\u201cGoogle\u201d). Google Analytics utiliza \u201ccookies\u201d para ayudar al website a analizar el uso que hacen los usuarios del sitio web. La informaci\u00f3n que genera la cookie acerca de su uso del website (incluyendo su direcci\u00f3n IP) ser\u00e1 directamente transmitida y archivada por Google en los servidores de Estados Unidos. Google usar\u00e1 esta informaci\u00f3n por cuenta nuestra con el prop\u00f3sito de seguir la pista de su uso del website, recopilando informes de la actividad del website y prestando otros servicios relacionados con la actividad del website y el uso de Internet. Google no asociar\u00e1 su direcci\u00f3n IP con ning\u00fan otro dato del que disponga Google.<\/p>\n<p>Para m\u00e1s informaci\u00f3n consulte: <a href=\"https:\/\/policies.google.com\/technologies\/cookies?hl=es\">C\u00f3mo utiliza Google las cookies.<\/a><\/p>\n<p>La informaci\u00f3n que recogen los complementos externos de Google en nuestro Sitio Web, incluyendo la direcci\u00f3n IP del usuario, puede ser transmitida a Google y almacenada en sus servidores. Esta informaci\u00f3n es gestionada enteramente por Google. Estas cookies no identifican al usuario personalmente a menos que tenga activa una sesi\u00f3n en Google, quedando en ese caso vinculado con dicha cuenta de Google.<\/p>\n<p>Para m\u00e1s informaci\u00f3n consulte: <a href=\"https:\/\/policies.google.com\/technologies\/cookies?hl=es#types-of-cookies\">Tipos de cookies que utiliza Google<\/a> y la <a href=\"https:\/\/policies.google.com\/privacy?hl=es&amp;gl=es\">Pol\u00edtica de Privacidad de Google<\/a>.<\/p>\n<p><strong>b.2)<\/strong> Cookies de redes sociales: Los botones de redes sociales y elementos similares relacionados con las mismas pueden generar cookies de estas terceras partes. En esta web este tipo de elementos son de implementaci\u00f3n propia y no generan cookies en su funcionamiento.<\/p>\n<\/div><div class=\"fusion-text fusion-text-2\" style=\"--awb-font-size:0.9em;--awb-text-color:var(--awb-color4);--awb-margin-top:40px;\"><h4>Cookies utilizadas en esta p\u00e1gina<\/h4>\n<p>A continuaci\u00f3n se identifican las cookies que est\u00e1n siendo utilizadas en este portal as\u00ed como su tipolog\u00eda y funci\u00f3n:<\/p>\n<\/div>\n<div class=\"table-2\">\n<table width=\"100%\">\n<thead>\n<tr>\n<th align=\"left\">NOMBRE<\/th>\n<th align=\"left\">TIPO<\/th>\n<th align=\"left\">PROVEEDOR<\/th>\n<th align=\"left\">FINALIDAD<\/th>\n<th align=\"left\">DURACI\u00d3N<\/th>\n<\/tr>\n<\/thead>\n<tbody>\n<tr>\n<td align=\"left\">SID, SAPISID, APISID, SSID, HSID, NID<\/td>\n<td align=\"left\">Publicitaria<\/td>\n<td align=\"left\">google.com<\/td>\n<td align=\"left\">Al crear o iniciar sesi\u00f3n en una cuenta de Google se almacenan estas cookies en su ordenador con el fin de permanecer conectado a su cuenta de Google al visitar sus servicios de nuevo. Mientras permanezca con esta sesi\u00f3n activa y use complementos en otros sitios Web como el nuestro, Google har\u00e1 uso de estas cookies para mejorar su experiencia de uso.<br \/>Todas estas cookies se encargan de recoger las preferencias de navegaci\u00f3n. Puede consultar la pol\u00edtica de privacidad del proveedor Google aqu\u00ed.Puede consultar la pol\u00edtica de privacidad del proveedor Google <a href=\"https:\/\/policies.google.com\/privacy?hl=es\">aqu\u00ed<\/a>.<\/td>\n<td align=\"left\">Dos a\u00f1os a partir de la configuraci\u00f3n o actualizaci\u00f3n<\/td>\n<\/tr>\n<tr>\n<td align=\"left\">SIDCC<\/td>\n<td align=\"left\">Publicitaria<\/td>\n<td align=\"left\">google.com<\/td>\n<td align=\"left\">Esta cookie es utilizada por Google para proveer servicios y extraer informaci\u00f3n an\u00f3nima sobre la navegaci\u00f3n.Todas estas cookies se encargan de recoger las preferencias de navegaci\u00f3n.<\/td>\n<td align=\"left\">Dos a\u00f1os a partir de la configuraci\u00f3n o actualizaci\u00f3n.<\/td>\n<\/tr>\n<tr>\n<td align=\"left\">SIDCC<\/td>\n<td align=\"left\">Publicitaria<\/td>\n<td align=\"left\">google.com<\/td>\n<td align=\"left\">Esta cookie es utilizada por Google para proveer servicios y extraer informaci\u00f3n an\u00f3nima sobre la navegaci\u00f3n.<\/td>\n<td align=\"left\">3 meses<\/td>\n<\/tr>\n<tr>\n<td align=\"left\">__Secure-1PSID, __Secure-1PAPISID, _Secure-1PSIDCC, _Secure-1PSIDTS _<br \/>_Secure-3PSID, __Secure-3PAPISID, _Secure-3PSIDCC, _Secure-3PSIDTS<\/td>\n<td align=\"left\">T\u00e9cnicas y anal\u00edticas<\/td>\n<td align=\"left\">google.com<\/td>\n<td align=\"left\">Cookie necesaria para la utilizaci\u00f3n de las opciones y servicios del sitio web.<\/td>\n<td align=\"left\">2 a\u00f1os<\/td>\n<\/tr>\n<tr>\n<td align=\"left\">AEC<\/td>\n<td align=\"left\">T\u00e9cnicas<\/td>\n<td align=\"left\">google.com<\/td>\n<td align=\"left\">Cookie necesaria para la utilizaci\u00f3n de las<br \/>opciones y servicios del sitio web.<\/td>\n<td align=\"left\">6 meses<\/td>\n<\/tr>\n<tr>\n<td align=\"left\">Secure-ENID<\/td>\n<td align=\"left\">Publicitaria<\/td>\n<td align=\"left\">google.com<\/td>\n<td align=\"left\">Google permite personalizar c\u00f3mo se ven anuncios fuera de Google o almacenar informaci\u00f3n como el idioma preferido a la hora de mostrar resultados de b\u00fasqueda.<\/td>\n<td align=\"left\">2 a\u00f1os<\/td>\n<\/tr>\n<tr>\n<td align=\"left\">privacy_embeds<\/td>\n<td align=\"left\">T\u00e9cnica<\/td>\n<td align=\"left\">Propia<\/td>\n<td align=\"left\">Almacena la preferencia de usuario de aceptaci\u00f3n de la pol\u00edtica de cookies a trav\u00e9s de la barra de aviso inferior<\/td>\n<td align=\"left\">1 mes<\/td>\n<\/tr>\n<tr>\n<td align=\"left\">1P_JAR<\/td>\n<td align=\"left\">Publicitaria<\/td>\n<td align=\"left\">google.com<\/td>\n<td align=\"left\">Estas cookies se usan para recopilar estad\u00edsticas del sitio web y rastrear las tasas de conversi\u00f3n.<\/td>\n<td align=\"left\">2 semanas<\/td>\n<\/tr>\n<tr>\n<td align=\"left\">CONSENT<\/td>\n<td align=\"left\">T\u00e9cnica<\/td>\n<td align=\"left\">google.com<\/td>\n<td align=\"left\">Lanzan un mensaje al usuario visitante, para que est\u00e9 al tanto de que nuestro sitio web utiliza cookies.<\/td>\n<td align=\"left\">6 meses<\/td>\n<\/tr>\n<tr>\n<td align=\"left\">SEARCH-SAMESITE<\/td>\n<td align=\"left\">T\u00e9cnica<\/td>\n<td align=\"left\">google.com<\/td>\n<td align=\"left\">SameSite evita que el navegador env\u00ede esta cookie junto con las solicitudes entre sitios. El objetivo principal es mitigar el riesgo de fuga de informaci\u00f3n de origen cruzado. Tambi\u00e9n proporciona cierta protecci\u00f3n contra ataques de falsificaci\u00f3n de solicitudes entre sitios.<\/td>\n<td align=\"left\">3 meses<\/td>\n<\/tr>\n<tr>\n<td align=\"left\">OGPC, OGP<\/td>\n<td align=\"left\">T\u00e9cnica<\/td>\n<td align=\"left\">google maps<\/td>\n<td align=\"left\">Esta cookie permite la funcionalidad de Google Maps<\/td>\n<td align=\"left\">2 dias<\/td>\n<\/tr>\n<tr>\n<td align=\"left\">DV<\/td>\n<td align=\"left\">T\u00e9cnica y anal\u00edtica<\/td>\n<td align=\"left\">google.com<\/td>\n<td align=\"left\">Identifica al usuario si est\u00e1 logueado con su cuenta de Google<\/td>\n<td align=\"left\">Sesi\u00f3n<\/td>\n<\/tr>\n<tr>\n<td align=\"left\">wp-wpml_current_language<\/td>\n<td align=\"left\">T\u00e9cnica<\/td>\n<td align=\"left\">Propia<\/td>\n<td align=\"left\">Cookie del Plugin WPML para almacenar la configuraci\u00f3n de lenguajes<\/td>\n<td align=\"left\">Sesi\u00f3n<\/td>\n<\/tr>\n<\/tbody>\n<\/table>\n<\/div>\n<div class=\"fusion-text fusion-text-3 awb-text-cols fusion-text-columns-2\" style=\"--awb-font-size:0.9em;--awb-text-color:var(--awb-color4);--awb-columns:2;--awb-column-spacing:80px;--awb-column-min-width:100px;--awb-rule-style:4px dotted var(--awb-color6);--awb-margin-top:40px;\"><h4>\u00bfC\u00f3mo puede aceptar, denegar, revocar el consentimiento o eliminar las cookies?<\/h4>\n<p>Gestionar los consentimientos de cookies administrando tus preferencias por medio del panel de configuraci\u00f3n que ponemos a tu disposici\u00f3n:<\/p>\n<div class=\"fusion-button-wrapper\"><a class=\"fusion-button button-flat fusion-button-default-size button-default fusion-button-default button-1 fusion-button-default-span fusion-button-default-type rgpd-config\" style=\"--button_margin-bottom:20px;\" target=\"_self\" href=\"#\"><span class=\"fusion-button-text awb-button__text awb-button__text--default\">Gestionar cookies<\/span><\/a><\/div>\n<p>Adem\u00e1s, tienes la opci\u00f3n de permitir, bloquear o eliminar las cookies instaladas en tu equipo mediante la configuraci\u00f3n de las opciones del navegador instalado en su equipo. Al desactivar cookies, algunos de los servicios disponibles podr\u00edan dejar de estar operativos. La forma de deshabilitar las cookies es diferente para cada navegador, pero normalmente puede hacerse desde el men\u00fa Herramientas u Opciones. Tambi\u00e9n puede consultarse el men\u00fa de Ayuda del navegador d\u00f3nde puedes encontrar instrucciones. El usuario podr\u00e1 en cualquier momento elegir qu\u00e9 cookies quiere que funcionen en este sitio web.<\/p>\n<p>Puede usted permitir, bloquear o eliminar las cookies instaladas en su equipo mediante la configuraci\u00f3n de las opciones del navegador instalado en su ordenador:<\/p>\n<ul>\n<li><a href=\"http:\/\/support.google.com\/chrome\/answer\/95647?hl=es\">Google Chrome&nbsp;<\/a><\/li>\n<li><a href=\"http:\/\/support.mozilla.org\/es\/kb\/habilitar-y-deshabilitar-cookies-que-los-sitios-we\">Mozilla Firefox&nbsp;<\/a><\/li>\n<li><a href=\"http:\/\/windows.microsoft.com\/es-es\/windows-vista\/block-or-allow-cookies\">Internet Explorer&nbsp;<\/a><\/li>\n<li><a href=\"http:\/\/support.apple.com\/kb\/ph5042?viewlocale=es_es\">Safari&nbsp;<\/a><\/li>\n<li><a href=\"http:\/\/help.opera.com\/Windows\/12.10\/en\/cookies.html\">Opera&nbsp;<\/a><\/li>\n<li><a href=\"http:\/\/www.windowsphone.com\/es-es\/how-to\/wp7\/web\/changing-privacy-and-other-browser-settings\">Internet Explorer (Windows Phone)&nbsp;<\/a><\/li>\n<li><a href=\"http:\/\/support.apple.com\/kb\/ht1677?viewlocale=es_es\">Safari para IOS (iPhone y iPad)&nbsp;<\/a><\/li>\n<li><a href=\"http:\/\/support.google.com\/chrome\/answer\/2392971?hl=es\">Chrome para Android&nbsp;<\/a><\/li>\n<\/ul>\n<h4>Transferencias de datos a terceros pa\u00edses<\/h4>\n<p>Puedes informarte de las transferencias a terceros pa\u00edses que, en su caso, realizan los terceros identificados en esta pol\u00edtica de cookies en sus correspondientes pol\u00edticas (ver los enlaces facilitados en el apartado \u201cCookies de terceros\u201d).<\/p>\n<h4>Elaboraci\u00f3n de perfiles<\/h4>\n<p>No se elaborar\u00e1 un perfil de usuario basado en la monitorizaci\u00f3n de sus actividades de navegaci\u00f3n en nuestro Sitio Web. Y en consecuencia, no se tomar\u00e1n decisiones automatizadas basadas en dicha navegaci\u00f3n.<\/p>\n<h4>Periodo de conservaci\u00f3n de las cookies<\/h4>\n<p><strong>a) Cookies de sesi\u00f3n:<\/strong> expiran autom\u00e1ticamente cuando el usuario termina la sesi\u00f3n y suelen emplearse para conservar informaci\u00f3n necesaria mientras se presta un servicio solicitado por el usuario en una sola ocasi\u00f3n<br \/><strong>b) Cookies persistentes:<\/strong> permanecen almacenadas en el terminal del usuario durante un periodo determinado (desde unos minutos a varios a\u00f1os).<\/p>\n<h4>M\u00e1s informaci\u00f3n sobre tratamiento de datos<\/h4>\n<p>Visite nuestra <a href=\"https:\/\/moros.com\/en\/privacy-policy\/\">pol\u00edtica de privacidad<\/a>.<\/p>\n<\/div><\/div><\/div><\/div><\/div><\/p>\n","protected":false},"excerpt":{"rendered":"","protected":false},"author":1,"featured_media":0,"parent":0,"menu_order":0,"comment_status":"closed","ping_status":"closed","template":"100-width.php","meta":{"footnotes":""},"class_list":["post-2606","page","type-page","status-publish","hentry"],"yoast_head":"<!-- This site is optimized with the Yoast SEO plugin v27.3 - https:\/\/yoast.com\/product\/yoast-seo-wordpress\/ -->\n<title>Cookies Policy - MOROS Industrias Hidr\u00e1ulicas, s.a.<\/title>\n<meta name=\"description\" content=\"MOROS Industrias Hidr\u00e1ulicas, S.A. dise\u00f1a y fabrica prensas, cizallas y molinos trituradores para procesar chatarra y otros materiales. Cookies Policy.\" \/>\n<meta name=\"robots\" content=\"index, follow, max-snippet:-1, max-image-preview:large, max-video-preview:-1\" \/>\n<link rel=\"canonical\" href=\"https:\/\/moros.com\/en\/cookies-policy\/\" \/>\n<meta property=\"og:locale\" content=\"en_US\" \/>\n<meta property=\"og:type\" content=\"article\" \/>\n<meta property=\"og:title\" content=\"Cookies Policy - MOROS Industrias Hidr\u00e1ulicas, s.a.\" \/>\n<meta property=\"og:description\" content=\"MOROS Industrias Hidr\u00e1ulicas, S.A. dise\u00f1a y fabrica prensas, cizallas y molinos trituradores para procesar chatarra y otros materiales. Cookies Policy.\" \/>\n<meta property=\"og:url\" content=\"https:\/\/moros.com\/en\/cookies-policy\/\" \/>\n<meta property=\"og:site_name\" content=\"MOROS Industrias Hidr\u00e1ulicas, s.a.\" \/>\n<meta property=\"article:modified_time\" content=\"2023-11-27T12:52:09+00:00\" \/>\n<meta name=\"twitter:card\" content=\"summary_large_image\" \/>\n<meta name=\"twitter:label1\" content=\"Est. reading time\" \/>\n\t<meta name=\"twitter:data1\" content=\"11 minutes\" \/>\n<script type=\"application\/ld+json\" class=\"yoast-schema-graph\">{\"@context\":\"https:\\\/\\\/schema.org\",\"@graph\":[{\"@type\":\"WebPage\",\"@id\":\"https:\\\/\\\/moros.com\\\/en\\\/cookies-policy\\\/\",\"url\":\"https:\\\/\\\/moros.com\\\/en\\\/cookies-policy\\\/\",\"name\":\"Cookies Policy - MOROS Industrias Hidr\u00e1ulicas, s.a.\",\"isPartOf\":{\"@id\":\"https:\\\/\\\/moros.com\\\/#website\"},\"datePublished\":\"2023-02-16T07:39:36+00:00\",\"dateModified\":\"2023-11-27T12:52:09+00:00\",\"description\":\"MOROS Industrias Hidr\u00e1ulicas, S.A. dise\u00f1a y fabrica prensas, cizallas y molinos trituradores para procesar chatarra y otros materiales. Cookies Policy.\",\"inLanguage\":\"en-US\",\"potentialAction\":[{\"@type\":\"ReadAction\",\"target\":[\"https:\\\/\\\/moros.com\\\/en\\\/cookies-policy\\\/\"]}]},{\"@type\":\"WebSite\",\"@id\":\"https:\\\/\\\/moros.com\\\/#website\",\"url\":\"https:\\\/\\\/moros.com\\\/\",\"name\":\"MOROS Industrias Hidr\u00e1ulicas, s.a.\",\"description\":\"Prensas y cizallas para chatarra\",\"potentialAction\":[{\"@type\":\"SearchAction\",\"target\":{\"@type\":\"EntryPoint\",\"urlTemplate\":\"https:\\\/\\\/moros.com\\\/?s={search_term_string}\"},\"query-input\":{\"@type\":\"PropertyValueSpecification\",\"valueRequired\":true,\"valueName\":\"search_term_string\"}}],\"inLanguage\":\"en-US\"}]}<\/script>\n<!-- \/ Yoast SEO plugin. -->","yoast_head_json":{"title":"Cookies Policy - MOROS Industrias Hidr\u00e1ulicas, s.a.","description":"MOROS Industrias Hidr\u00e1ulicas, S.A. dise\u00f1a y fabrica prensas, cizallas y molinos trituradores para procesar chatarra y otros materiales. Cookies Policy.","robots":{"index":"index","follow":"follow","max-snippet":"max-snippet:-1","max-image-preview":"max-image-preview:large","max-video-preview":"max-video-preview:-1"},"canonical":"https:\/\/moros.com\/en\/cookies-policy\/","og_locale":"en_US","og_type":"article","og_title":"Cookies Policy - MOROS Industrias Hidr\u00e1ulicas, s.a.","og_description":"MOROS Industrias Hidr\u00e1ulicas, S.A. dise\u00f1a y fabrica prensas, cizallas y molinos trituradores para procesar chatarra y otros materiales. Cookies Policy.","og_url":"https:\/\/moros.com\/en\/cookies-policy\/","og_site_name":"MOROS Industrias Hidr\u00e1ulicas, s.a.","article_modified_time":"2023-11-27T12:52:09+00:00","twitter_card":"summary_large_image","twitter_misc":{"Est. reading time":"11 minutes"},"schema":{"@context":"https:\/\/schema.org","@graph":[{"@type":"WebPage","@id":"https:\/\/moros.com\/en\/cookies-policy\/","url":"https:\/\/moros.com\/en\/cookies-policy\/","name":"Cookies Policy - MOROS Industrias Hidr\u00e1ulicas, s.a.","isPartOf":{"@id":"https:\/\/moros.com\/#website"},"datePublished":"2023-02-16T07:39:36+00:00","dateModified":"2023-11-27T12:52:09+00:00","description":"MOROS Industrias Hidr\u00e1ulicas, S.A. dise\u00f1a y fabrica prensas, cizallas y molinos trituradores para procesar chatarra y otros materiales. Cookies Policy.","inLanguage":"en-US","potentialAction":[{"@type":"ReadAction","target":["https:\/\/moros.com\/en\/cookies-policy\/"]}]},{"@type":"WebSite","@id":"https:\/\/moros.com\/#website","url":"https:\/\/moros.com\/","name":"MOROS Industrias Hidr\u00e1ulicas, s.a.","description":"Prensas y cizallas para chatarra","potentialAction":[{"@type":"SearchAction","target":{"@type":"EntryPoint","urlTemplate":"https:\/\/moros.com\/?s={search_term_string}"},"query-input":{"@type":"PropertyValueSpecification","valueRequired":true,"valueName":"search_term_string"}}],"inLanguage":"en-US"}]}},"_links":{"self":[{"href":"https:\/\/moros.com\/en\/wp-json\/wp\/v2\/pages\/2606","targetHints":{"allow":["GET"]}}],"collection":[{"href":"https:\/\/moros.com\/en\/wp-json\/wp\/v2\/pages"}],"about":[{"href":"https:\/\/moros.com\/en\/wp-json\/wp\/v2\/types\/page"}],"author":[{"embeddable":true,"href":"https:\/\/moros.com\/en\/wp-json\/wp\/v2\/users\/1"}],"replies":[{"embeddable":true,"href":"https:\/\/moros.com\/en\/wp-json\/wp\/v2\/comments?post=2606"}],"version-history":[{"count":7,"href":"https:\/\/moros.com\/en\/wp-json\/wp\/v2\/pages\/2606\/revisions"}],"predecessor-version":[{"id":2761,"href":"https:\/\/moros.com\/en\/wp-json\/wp\/v2\/pages\/2606\/revisions\/2761"}],"wp:attachment":[{"href":"https:\/\/moros.com\/en\/wp-json\/wp\/v2\/media?parent=2606"}],"curies":[{"name":"wp","href":"https:\/\/api.w.org\/{rel}","templated":true}]}}