{"id":2967,"date":"2023-02-15T11:49:45","date_gmt":"2023-02-15T11:49:45","guid":{"rendered":"https:\/\/moros.com\/qualite\/"},"modified":"2024-11-27T12:03:35","modified_gmt":"2024-11-27T12:03:35","slug":"qualite","status":"publish","type":"page","link":"https:\/\/moros.com\/fr\/qualite\/","title":{"rendered":"Qualit\u00e9"},"content":{"rendered":"<p><div class=\"fusion-fullwidth fullwidth-box fusion-builder-row-1 fusion-flex-container has-pattern-background has-mask-background nonhundred-percent-fullwidth non-hundred-percent-height-scrolling\" style=\"--awb-border-radius-top-left:0px;--awb-border-radius-top-right:0px;--awb-border-radius-bottom-right:0px;--awb-border-radius-bottom-left:0px;--awb-background-color:var(--awb-color6);--awb-flex-wrap:wrap;\" ><div class=\"fusion-builder-row fusion-row fusion-flex-align-items-center fusion-flex-content-wrap\" style=\"max-width:1248px;margin-left: calc(-4% \/ 2 );margin-right: calc(-4% \/ 2 );\"><div class=\"fusion-layout-column fusion_builder_column fusion-builder-column-0 fusion_builder_column_1_1 1_1 fusion-flex-column\" style=\"--awb-bg-size:cover;--awb-width-large:100%;--awb-margin-top-large:0px;--awb-spacing-right-large:1.92%;--awb-margin-bottom-large:10px;--awb-spacing-left-large:1.92%;--awb-width-medium:100%;--awb-order-medium:0;--awb-spacing-right-medium:1.92%;--awb-spacing-left-medium:1.92%;--awb-width-small:100%;--awb-order-small:0;--awb-spacing-right-small:1.92%;--awb-spacing-left-small:1.92%;\"><div class=\"fusion-column-wrapper fusion-column-has-shadow fusion-flex-justify-content-flex-start fusion-content-layout-column\"><div class=\"fusion-title title fusion-title-1 fusion-sep-none fusion-title-text fusion-title-size-one\" style=\"--awb-text-color:var(--awb-color1);--awb-margin-bottom:5px;--awb-margin-top-small:10px;--awb-margin-right-small:0px;--awb-margin-bottom-small:10px;--awb-margin-left-small:0px;--awb-font-size:var(--awb-typography2-font-size);\"><h1 class=\"fusion-title-heading title-heading-left\" style=\"font-family:var(--awb-typography2-font-family);font-weight:var(--awb-typography2-font-weight);font-style:var(--awb-typography2-font-style);margin:0;letter-spacing:var(--awb-typography2-letter-spacing);text-transform:uppercase;font-size:1em;line-height:var(--awb-typography2-line-height);\">Qualit\u00e9<\/h1><\/div><nav class=\"fusion-breadcrumbs awb-yoast-breadcrumbs fusion-breadcrumbs-1\" style=\"--awb-breadcrumb-sep:&#039;&gt;&#039;;\" aria-label=\"Breadcrumb\"><ol class=\"awb-breadcrumb-list\"><li class=\"fusion-breadcrumb-item awb-breadcrumb-sep awb-home\" ><a href=\"https:\/\/moros.com\/fr\/\" class=\"fusion-breadcrumb-link\"><span >Home<\/span><\/a><\/li><\/ol><\/nav><\/div><\/div><\/div><\/div>\n<div class=\"fusion-fullwidth fullwidth-box fusion-builder-row-2 fusion-flex-container has-pattern-background has-mask-background fusion-parallax-none nonhundred-percent-fullwidth non-hundred-percent-height-scrolling main-bg\" style=\"--awb-background-position:left top;--awb-border-radius-top-left:0px;--awb-border-radius-top-right:0px;--awb-border-radius-bottom-right:0px;--awb-border-radius-bottom-left:0px;--awb-margin-top:40px;--awb-background-image:url(&quot;https:\/\/moros.com\/wp-content\/uploads\/2023\/02\/bg-logo.svg&quot;);--awb-background-size:cover;--awb-flex-wrap:wrap;\" ><div class=\"fusion-builder-row fusion-row fusion-flex-align-items-flex-start fusion-flex-content-wrap\" style=\"max-width:1248px;margin-left: calc(-4% \/ 2 );margin-right: calc(-4% \/ 2 );\"><div class=\"fusion-layout-column fusion_builder_column fusion-builder-column-1 fusion_builder_column_1_1 1_1 fusion-flex-column\" style=\"--awb-bg-size:cover;--awb-width-large:100%;--awb-margin-top-large:0px;--awb-spacing-right-large:1.92%;--awb-margin-bottom-large:20px;--awb-spacing-left-large:1.92%;--awb-width-medium:100%;--awb-order-medium:0;--awb-spacing-right-medium:1.92%;--awb-spacing-left-medium:1.92%;--awb-width-small:100%;--awb-order-small:0;--awb-spacing-right-small:1.92%;--awb-spacing-left-small:1.92%;\"><div class=\"fusion-column-wrapper fusion-column-has-shadow fusion-flex-justify-content-flex-start fusion-content-layout-column\"><div class=\"fusion-title title fusion-title-2 fusion-sep-none fusion-title-center fusion-title-text fusion-title-size-three\" style=\"--awb-margin-bottom:0px;--awb-margin-top-small:10px;--awb-margin-right-small:0px;--awb-margin-bottom-small:10px;--awb-margin-left-small:0px;--awb-font-size:1.2em;\"><h3 class=\"fusion-title-heading title-heading-center\" style=\"font-family:var(--awb-typography5-font-family);font-weight:var(--awb-typography5-font-weight);font-style:var(--awb-typography5-font-style);margin:0;letter-spacing:var(--awb-typography5-letter-spacing);text-transform:uppercase;font-size:1em;line-height:var(--awb-typography5-line-height);\">Industrias Hidr\u00e1ulicas, S.A. consacre ses activit\u00e9s industrielles \u00e0 la<\/h3><\/div><div class=\"fusion-title title fusion-title-3 fusion-sep-none fusion-title-center fusion-title-text fusion-title-size-two\" style=\"--awb-text-color:var(--awb-color1);--awb-margin-bottom:0px;--awb-margin-top-small:10px;--awb-margin-right-small:0px;--awb-margin-bottom-small:10px;--awb-margin-left-small:0px;--awb-font-size:2em;\"><h2 class=\"fusion-title-heading title-heading-center\" style=\"margin:0;text-transform:uppercase;font-size:1em;\">fabrication et la distribution de machines et de biens d&rsquo;\u00e9quipement pour la r\u00e9cup\u00e9ration et le recyclage de mati\u00e8res premi\u00e8res,<\/h2><\/div><div class=\"fusion-title title fusion-title-4 fusion-sep-none fusion-title-center fusion-title-text fusion-title-size-three\" style=\"--awb-margin-top-small:10px;--awb-margin-right-small:0px;--awb-margin-bottom-small:10px;--awb-margin-left-small:0px;--awb-font-size:1.2em;\"><h3 class=\"fusion-title-heading title-heading-center\" style=\"font-family:var(--awb-typography5-font-family);font-weight:var(--awb-typography5-font-weight);font-style:var(--awb-typography5-font-style);margin:0;letter-spacing:var(--awb-typography5-letter-spacing);text-transform:uppercase;font-size:1em;line-height:var(--awb-typography5-line-height);\">principalement des m\u00e9taux (ferreux et non ferreux) et du papier.<\/h3><\/div><div class=\"awb-gallery-wrapper awb-gallery-wrapper-1 button-span-no\" style=\"--more-btn-alignment:center;\" data-limit=\"3\" data-page=\"1\"><div style=\"margin:-2px;--awb-aspect-ratio:1 \/ 1;--awb-bordersize:0px;--awb-columns-medium:33.3333%;--awb-columns-small:33.3333%;\" class=\"fusion-gallery fusion-gallery-container fusion-grid-3 fusion-columns-total-3 fusion-gallery-layout-grid fusion-gallery-1 has-aspect-ratio\"><div style=\"padding:2px;\" class=\"fusion-grid-column fusion-gallery-column fusion-gallery-column-3 hover-type-zoomout\"><div class=\"fusion-gallery-image\"><img decoding=\"async\" src=\"https:\/\/moros.com\/wp-content\/uploads\/2023\/02\/diseno-moros.jpg\" width=\"400\" height=\"325\" alt=\"\" title=\"diseno-moros\" aria-label=\"diseno-moros\" class=\"img-responsive wp-image-2895 fusion-gallery-image-size-fixed\" srcset=\"https:\/\/moros.com\/wp-content\/uploads\/2023\/02\/diseno-moros-200x163.jpg 200w, https:\/\/moros.com\/wp-content\/uploads\/2023\/02\/diseno-moros.jpg 400w\" sizes=\"(min-width: 2200px) 100vw, (min-width: 784px) 399px, (min-width: 712px) 598px, (min-width: 640px) 712px, \" \/><\/div><\/div><div style=\"padding:2px;\" class=\"fusion-grid-column fusion-gallery-column fusion-gallery-column-3 hover-type-zoomout\"><div class=\"fusion-gallery-image\"><img decoding=\"async\" src=\"https:\/\/moros.com\/wp-content\/uploads\/2023\/02\/invertir-moros.jpg\" width=\"400\" height=\"325\" alt=\"\" title=\"invertir-moros\" aria-label=\"invertir-moros\" class=\"img-responsive wp-image-2896 fusion-gallery-image-size-fixed\" srcset=\"https:\/\/moros.com\/wp-content\/uploads\/2023\/02\/invertir-moros-200x163.jpg 200w, https:\/\/moros.com\/wp-content\/uploads\/2023\/02\/invertir-moros.jpg 400w\" sizes=\"(min-width: 2200px) 100vw, (min-width: 784px) 399px, (min-width: 712px) 598px, (min-width: 640px) 712px, \" \/><\/div><\/div><div style=\"padding:2px;\" class=\"fusion-grid-column fusion-gallery-column fusion-gallery-column-3 hover-type-zoomout\"><div class=\"fusion-gallery-image\"><img decoding=\"async\" src=\"https:\/\/moros.com\/wp-content\/uploads\/2023\/02\/calidad-moros.jpg\" width=\"400\" height=\"325\" alt=\"\" title=\"calidad-moros\" aria-label=\"calidad-moros\" class=\"img-responsive wp-image-2897 fusion-gallery-image-size-fixed\" srcset=\"https:\/\/moros.com\/wp-content\/uploads\/2023\/02\/calidad-moros-200x163.jpg 200w, https:\/\/moros.com\/wp-content\/uploads\/2023\/02\/calidad-moros.jpg 400w\" sizes=\"(min-width: 2200px) 100vw, (min-width: 784px) 399px, (min-width: 712px) 598px, (min-width: 640px) 712px, \" \/><\/div><\/div><div class=\"clearfix\"><\/div><\/div><\/div><\/div><\/div><div class=\"fusion-layout-column fusion_builder_column fusion-builder-column-2 fusion_builder_column_1_2 1_2 fusion-flex-column\" style=\"--awb-bg-size:cover;--awb-width-large:50%;--awb-margin-top-large:0px;--awb-spacing-right-large:3.84%;--awb-margin-bottom-large:20px;--awb-spacing-left-large:3.84%;--awb-width-medium:50%;--awb-order-medium:0;--awb-spacing-right-medium:3.84%;--awb-spacing-left-medium:3.84%;--awb-width-small:100%;--awb-order-small:0;--awb-spacing-right-small:1.92%;--awb-spacing-left-small:1.92%;\"><div class=\"fusion-column-wrapper fusion-column-has-shadow fusion-flex-justify-content-flex-start fusion-content-layout-column\"><div class=\"fusion-text fusion-text-1\"><p>La direction de <strong>Industrias Hidr\u00e1ulicas, S.A.<\/strong> consid\u00e8re et d\u00e9clare que les <strong>objectifs strat\u00e9giques<\/strong> de sa gestion sont les suivants:<\/p>\n<\/div><ul style=\"--awb-size:14.4px;--awb-margin-top:20px;--awb-iconcolor:#ffffff;--awb-line-height:24.48px;--awb-icon-width:24.48px;--awb-icon-height:24.48px;--awb-icon-margin:10.08px;--awb-content-margin:34.56px;--awb-circlecolor:var(--awb-color1);--awb-circle-yes-font-size:12.672px;\" class=\"fusion-checklist fusion-checklist-1 fusion-checklist-default type-icons checklist-lineheight\"><li class=\"fusion-li-item\" style=\"\"><span class=\"icon-wrapper circle-yes\"><i class=\"fusion-li-icon awb-icon-check\" aria-hidden=\"true\"><\/i><\/span><div class=\"fusion-li-item-content\">\n<p>Obtenir la pleine <strong>satisfaction du client<\/strong> en respectant strictement les exigences contractuelles, en \u00e9tant comp\u00e9titif en termes de prix et en essayant de r\u00e9pondre rapidement \u00e0 ses besoins.<\/p>\n<\/div><\/li><li class=\"fusion-li-item\" style=\"\"><span class=\"icon-wrapper circle-yes\"><i class=\"fusion-li-icon awb-icon-check\" aria-hidden=\"true\"><\/i><\/span><div class=\"fusion-li-item-content\">\n<p>Maintenir un <strong>haut niveau d&rsquo;innovation<\/strong> dans le d\u00e9veloppement et la fabrication de ses produits (ou dans la prestation de ses services) dans le cadre d&rsquo;un syst\u00e8me permanent d&rsquo;am\u00e9lioration continue.<\/p>\n<\/div><\/li><li class=\"fusion-li-item\" style=\"\"><span class=\"icon-wrapper circle-yes\"><i class=\"fusion-li-icon awb-icon-check\" aria-hidden=\"true\"><\/i><\/span><div class=\"fusion-li-item-content\">\n<p><strong>Respecter<\/strong> les <strong>r\u00e9glementations l\u00e9gales<\/strong> applicables \u00e0 toutes les activit\u00e9s de l&rsquo;entreprise.<\/p>\n<\/div><\/li><li class=\"fusion-li-item\" style=\"\"><span class=\"icon-wrapper circle-yes\"><i class=\"fusion-li-icon awb-icon-check\" aria-hidden=\"true\"><\/i><\/span><div class=\"fusion-li-item-content\">\n<p>R\u00e9ussir une <strong>Qualit\u00e9 maximale<\/strong> gr\u00e2ce \u00e0 la motivation et \u00e0 l&rsquo;implication de <strong>tous ses collaborateurs<\/strong>.<\/p>\n<\/div><\/li><\/ul><\/div><\/div><div class=\"fusion-layout-column fusion_builder_column fusion-builder-column-3 fusion_builder_column_1_2 1_2 fusion-flex-column\" style=\"--awb-bg-size:cover;--awb-width-large:50%;--awb-margin-top-large:0px;--awb-spacing-right-large:3.84%;--awb-margin-bottom-large:20px;--awb-spacing-left-large:3.84%;--awb-width-medium:50%;--awb-order-medium:0;--awb-spacing-right-medium:3.84%;--awb-spacing-left-medium:3.84%;--awb-width-small:100%;--awb-order-small:0;--awb-spacing-right-small:1.92%;--awb-spacing-left-small:1.92%;\"><div class=\"fusion-column-wrapper fusion-column-has-shadow fusion-flex-justify-content-flex-start fusion-content-layout-column\"><div class=\"fusion-text fusion-text-2\"><p>Pour <strong>atteindre ces objectifs<\/strong>, la direction de <strong>Industrias Hidr\u00e1ulicas, S.A.<\/strong> a pour politique de diriger et de promouvoir l&rsquo;ex\u00e9cution des actions suivantes:<\/p>\n<\/div><ul style=\"--awb-size:14.4px;--awb-margin-top:20px;--awb-iconcolor:#ffffff;--awb-line-height:24.48px;--awb-icon-width:24.48px;--awb-icon-height:24.48px;--awb-icon-margin:10.08px;--awb-content-margin:34.56px;--awb-circlecolor:var(--awb-color1);--awb-circle-yes-font-size:12.672px;\" class=\"fusion-checklist fusion-checklist-2 fusion-checklist-default type-icons checklist-lineheight\"><li class=\"fusion-li-item\" style=\"\"><span class=\"icon-wrapper circle-yes\"><i class=\"fusion-li-icon awb-icon-check\" aria-hidden=\"true\"><\/i><\/span><div class=\"fusion-li-item-content\">\u00c9tablir et maintenir un <strong>syst\u00e8me de gestion<\/strong> de la qualit\u00e9 efficace et efficient, planifi\u00e9 et d\u00e9velopp\u00e9 conjointement avec les autres fonctions de la direction.<\/div><\/li><li class=\"fusion-li-item\" style=\"\"><span class=\"icon-wrapper circle-yes\"><i class=\"fusion-li-icon awb-icon-check\" aria-hidden=\"true\"><\/i><\/span><div class=\"fusion-li-item-content\">\n<p>Dans le cadre de ce syst\u00e8me, la d\u00e9termination de la conformit\u00e9 du travail aux exigences contractuelles et r\u00e9glementaires sera toujours <strong>v\u00e9rifi\u00e9e par des r\u00e9sultats objectifs et des preuves.<\/strong><\/p>\n<\/div><\/li><li class=\"fusion-li-item\" style=\"\"><span class=\"icon-wrapper circle-yes\"><i class=\"fusion-li-icon awb-icon-check\" aria-hidden=\"true\"><\/i><\/span><div class=\"fusion-li-item-content\">\n<p>S&rsquo;assurer qu\u2019elle m\u00eame, le personnel technique et de production <strong>conna\u00eet parfaitement les objectifs et la politique de l&rsquo;entreprise gr\u00e2ce \u00e0 un programme de pr\u00e9paration et de formation du personnel<\/strong> \u00e0 tous les niveaux de l&rsquo;entreprise.<\/p>\n<\/div><\/li><\/ul><\/div><\/div><div class=\"fusion-layout-column fusion_builder_column fusion-builder-column-4 fusion_builder_column_1_1 1_1 fusion-flex-column\" style=\"--awb-bg-size:cover;--awb-width-large:100%;--awb-margin-top-large:40px;--awb-spacing-right-large:1.92%;--awb-margin-bottom-large:20px;--awb-spacing-left-large:1.92%;--awb-width-medium:100%;--awb-order-medium:0;--awb-spacing-right-medium:1.92%;--awb-spacing-left-medium:1.92%;--awb-width-small:100%;--awb-order-small:0;--awb-spacing-right-small:1.92%;--awb-spacing-left-small:1.92%;\"><div class=\"fusion-column-wrapper fusion-column-has-shadow fusion-flex-justify-content-flex-start fusion-content-layout-column\"><div class=\"fusion-text fusion-text-3\" style=\"--awb-content-alignment:center;\"><p>Le syst\u00e8me de qualit\u00e9 de <strong>Industrias Hidr\u00e1ulicas, S.A.<\/strong> est bas\u00e9 sur les exigences de la norme<\/p>\n<\/div><div class=\"fusion-title title fusion-title-5 fusion-title-center fusion-title-text fusion-title-size-four\" style=\"--awb-text-color:var(--awb-color1);--awb-margin-right:10px;--awb-margin-left:10px;--awb-margin-top-small:10px;--awb-margin-right-small:0px;--awb-margin-bottom-small:10px;--awb-margin-left-small:0px;--awb-sep-color:var(--awb-color5);--awb-font-size:1.3em;\"><div class=\"title-sep-container title-sep-container-left\"><div class=\"title-sep sep-single sep-solid\" style=\"border-color:var(--awb-color5);\"><\/div><\/div><span class=\"awb-title-spacer\"><\/span><h4 class=\"fusion-title-heading title-heading-center\" style=\"font-family:var(--awb-typography3-font-family);font-weight:var(--awb-typography3-font-weight);font-style:var(--awb-typography3-font-style);margin:0;letter-spacing:var(--awb-typography3-letter-spacing);text-transform:uppercase;font-size:1em;line-height:1.2;\">UNE-EN-ISO 9001<\/h4><span class=\"awb-title-spacer\"><\/span><div class=\"title-sep-container title-sep-container-right\"><div class=\"title-sep sep-single sep-solid\" style=\"border-color:var(--awb-color5);\"><\/div><\/div><\/div><div class=\"fusion-image-element \" style=\"text-align:center;--awb-margin-bottom:40px;--awb-caption-title-font-family:var(--h2_typography-font-family);--awb-caption-title-font-weight:var(--h2_typography-font-weight);--awb-caption-title-font-style:var(--h2_typography-font-style);--awb-caption-title-size:var(--h2_typography-font-size);--awb-caption-title-transform:var(--h2_typography-text-transform);--awb-caption-title-line-height:var(--h2_typography-line-height);--awb-caption-title-letter-spacing:var(--h2_typography-letter-spacing);\"><span class=\" fusion-imageframe imageframe-none imageframe-1 hover-type-none\"><img decoding=\"async\" width=\"288\" height=\"130\" title=\"iso-9001-2008\" src=\"https:\/\/moros.com\/wp-content\/uploads\/2023\/02\/iso-9001-2008.png\" alt class=\"img-responsive wp-image-2898\" srcset=\"https:\/\/moros.com\/wp-content\/uploads\/2023\/02\/iso-9001-2008-200x90.png 200w, https:\/\/moros.com\/wp-content\/uploads\/2023\/02\/iso-9001-2008.png 288w\" sizes=\"(max-width: 640px) 100vw, 288px\" \/><\/span><\/div><div class=\"fusion-title title fusion-title-6 fusion-title-center fusion-title-text fusion-title-size-four\" style=\"--awb-text-color:var(--awb-color1);--awb-margin-right:10px;--awb-margin-left:10px;--awb-margin-top-small:10px;--awb-margin-right-small:0px;--awb-margin-bottom-small:10px;--awb-margin-left-small:0px;--awb-sep-color:var(--awb-color5);--awb-font-size:1.3em;\"><div class=\"title-sep-container title-sep-container-left\"><div class=\"title-sep sep-single sep-solid\" style=\"border-color:var(--awb-color5);\"><\/div><\/div><span class=\"awb-title-spacer\"><\/span><h4 class=\"fusion-title-heading title-heading-center\" style=\"font-family:var(--awb-typography3-font-family);font-weight:var(--awb-typography3-font-weight);font-style:var(--awb-typography3-font-style);margin:0;letter-spacing:var(--awb-typography3-letter-spacing);text-transform:uppercase;font-size:1em;line-height:1.2;\">Fonds F\u00c9D\u00c9RAUX<\/h4><span class=\"awb-title-spacer\"><\/span><div class=\"title-sep-container title-sep-container-right\"><div class=\"title-sep sep-single sep-solid\" style=\"border-color:var(--awb-color5);\"><\/div><\/div><\/div><div class=\"fusion-image-element \" style=\"text-align:center;--awb-margin-bottom:40px;--awb-caption-title-font-family:var(--h2_typography-font-family);--awb-caption-title-font-weight:var(--h2_typography-font-weight);--awb-caption-title-font-style:var(--h2_typography-font-style);--awb-caption-title-size:var(--h2_typography-font-size);--awb-caption-title-transform:var(--h2_typography-text-transform);--awb-caption-title-line-height:var(--h2_typography-line-height);--awb-caption-title-letter-spacing:var(--h2_typography-letter-spacing);\"><span class=\" fusion-imageframe imageframe-none imageframe-2 hover-type-none\"><img decoding=\"async\" width=\"600\" height=\"425\" title=\"feder\" src=\"https:\/\/moros.com\/wp-content\/uploads\/2023\/02\/feder-600x425.jpg\" alt class=\"img-responsive wp-image-2849\" srcset=\"https:\/\/moros.com\/wp-content\/uploads\/2023\/02\/feder-200x142.jpg 200w, https:\/\/moros.com\/wp-content\/uploads\/2023\/02\/feder-400x283.jpg 400w, https:\/\/moros.com\/wp-content\/uploads\/2023\/02\/feder-600x425.jpg 600w, https:\/\/moros.com\/wp-content\/uploads\/2023\/02\/feder.jpg 800w\" sizes=\"(max-width: 640px) 100vw, 600px\" \/><\/span><\/div><\/div><\/div><\/div><\/div><\/p>\n","protected":false},"excerpt":{"rendered":"","protected":false},"author":1,"featured_media":0,"parent":0,"menu_order":0,"comment_status":"closed","ping_status":"closed","template":"100-width.php","meta":{"footnotes":""},"class_list":["post-2967","page","type-page","status-publish","hentry"],"yoast_head":"<!-- This site is optimized with the Yoast SEO plugin v27.3 - https:\/\/yoast.com\/product\/yoast-seo-wordpress\/ -->\n<title>Qualit\u00e9 - MOROS Industrias Hidr\u00e1ulicas, s.a.<\/title>\n<meta name=\"description\" content=\"MOROS Industrias Hidr\u00e1ulicas, S.A. dise\u00f1a y fabrica prensas, cizallas y molinos trituradores para procesar chatarra y otros materiales. Qualit\u00e9.\" \/>\n<meta name=\"robots\" content=\"index, follow, max-snippet:-1, max-image-preview:large, max-video-preview:-1\" \/>\n<link rel=\"canonical\" href=\"https:\/\/moros.com\/fr\/qualite\/\" \/>\n<meta property=\"og:locale\" content=\"fr_FR\" \/>\n<meta property=\"og:type\" content=\"article\" \/>\n<meta property=\"og:title\" content=\"Qualit\u00e9 - MOROS Industrias Hidr\u00e1ulicas, s.a.\" \/>\n<meta property=\"og:description\" content=\"MOROS Industrias Hidr\u00e1ulicas, S.A. dise\u00f1a y fabrica prensas, cizallas y molinos trituradores para procesar chatarra y otros materiales. Qualit\u00e9.\" \/>\n<meta property=\"og:url\" content=\"https:\/\/moros.com\/fr\/qualite\/\" \/>\n<meta property=\"og:site_name\" content=\"MOROS Industrias Hidr\u00e1ulicas, s.a.\" \/>\n<meta property=\"article:modified_time\" content=\"2024-11-27T12:03:35+00:00\" \/>\n<meta name=\"twitter:card\" content=\"summary_large_image\" \/>\n<meta name=\"twitter:label1\" content=\"Dur\u00e9e de lecture estim\u00e9e\" \/>\n\t<meta name=\"twitter:data1\" content=\"13 minutes\" \/>\n<script type=\"application\/ld+json\" class=\"yoast-schema-graph\">{\"@context\":\"https:\\\/\\\/schema.org\",\"@graph\":[{\"@type\":\"WebPage\",\"@id\":\"https:\\\/\\\/moros.com\\\/fr\\\/qualite\\\/\",\"url\":\"https:\\\/\\\/moros.com\\\/fr\\\/qualite\\\/\",\"name\":\"Qualit\u00e9 - MOROS Industrias Hidr\u00e1ulicas, s.a.\",\"isPartOf\":{\"@id\":\"https:\\\/\\\/moros.com\\\/#website\"},\"datePublished\":\"2023-02-15T11:49:45+00:00\",\"dateModified\":\"2024-11-27T12:03:35+00:00\",\"description\":\"MOROS Industrias Hidr\u00e1ulicas, S.A. dise\u00f1a y fabrica prensas, cizallas y molinos trituradores para procesar chatarra y otros materiales. Qualit\u00e9.\",\"inLanguage\":\"fr-FR\",\"potentialAction\":[{\"@type\":\"ReadAction\",\"target\":[\"https:\\\/\\\/moros.com\\\/fr\\\/qualite\\\/\"]}]},{\"@type\":\"WebSite\",\"@id\":\"https:\\\/\\\/moros.com\\\/#website\",\"url\":\"https:\\\/\\\/moros.com\\\/\",\"name\":\"MOROS Industrias Hidr\u00e1ulicas, s.a.\",\"description\":\"Prensas y cizallas para chatarra\",\"potentialAction\":[{\"@type\":\"SearchAction\",\"target\":{\"@type\":\"EntryPoint\",\"urlTemplate\":\"https:\\\/\\\/moros.com\\\/?s={search_term_string}\"},\"query-input\":{\"@type\":\"PropertyValueSpecification\",\"valueRequired\":true,\"valueName\":\"search_term_string\"}}],\"inLanguage\":\"fr-FR\"}]}<\/script>\n<!-- \/ Yoast SEO plugin. -->","yoast_head_json":{"title":"Qualit\u00e9 - MOROS Industrias Hidr\u00e1ulicas, s.a.","description":"MOROS Industrias Hidr\u00e1ulicas, S.A. dise\u00f1a y fabrica prensas, cizallas y molinos trituradores para procesar chatarra y otros materiales. Qualit\u00e9.","robots":{"index":"index","follow":"follow","max-snippet":"max-snippet:-1","max-image-preview":"max-image-preview:large","max-video-preview":"max-video-preview:-1"},"canonical":"https:\/\/moros.com\/fr\/qualite\/","og_locale":"fr_FR","og_type":"article","og_title":"Qualit\u00e9 - MOROS Industrias Hidr\u00e1ulicas, s.a.","og_description":"MOROS Industrias Hidr\u00e1ulicas, S.A. dise\u00f1a y fabrica prensas, cizallas y molinos trituradores para procesar chatarra y otros materiales. Qualit\u00e9.","og_url":"https:\/\/moros.com\/fr\/qualite\/","og_site_name":"MOROS Industrias Hidr\u00e1ulicas, s.a.","article_modified_time":"2024-11-27T12:03:35+00:00","twitter_card":"summary_large_image","twitter_misc":{"Dur\u00e9e de lecture estim\u00e9e":"13 minutes"},"schema":{"@context":"https:\/\/schema.org","@graph":[{"@type":"WebPage","@id":"https:\/\/moros.com\/fr\/qualite\/","url":"https:\/\/moros.com\/fr\/qualite\/","name":"Qualit\u00e9 - MOROS Industrias Hidr\u00e1ulicas, s.a.","isPartOf":{"@id":"https:\/\/moros.com\/#website"},"datePublished":"2023-02-15T11:49:45+00:00","dateModified":"2024-11-27T12:03:35+00:00","description":"MOROS Industrias Hidr\u00e1ulicas, S.A. dise\u00f1a y fabrica prensas, cizallas y molinos trituradores para procesar chatarra y otros materiales. Qualit\u00e9.","inLanguage":"fr-FR","potentialAction":[{"@type":"ReadAction","target":["https:\/\/moros.com\/fr\/qualite\/"]}]},{"@type":"WebSite","@id":"https:\/\/moros.com\/#website","url":"https:\/\/moros.com\/","name":"MOROS Industrias Hidr\u00e1ulicas, s.a.","description":"Prensas y cizallas para chatarra","potentialAction":[{"@type":"SearchAction","target":{"@type":"EntryPoint","urlTemplate":"https:\/\/moros.com\/?s={search_term_string}"},"query-input":{"@type":"PropertyValueSpecification","valueRequired":true,"valueName":"search_term_string"}}],"inLanguage":"fr-FR"}]}},"_links":{"self":[{"href":"https:\/\/moros.com\/fr\/wp-json\/wp\/v2\/pages\/2967","targetHints":{"allow":["GET"]}}],"collection":[{"href":"https:\/\/moros.com\/fr\/wp-json\/wp\/v2\/pages"}],"about":[{"href":"https:\/\/moros.com\/fr\/wp-json\/wp\/v2\/types\/page"}],"author":[{"embeddable":true,"href":"https:\/\/moros.com\/fr\/wp-json\/wp\/v2\/users\/1"}],"replies":[{"embeddable":true,"href":"https:\/\/moros.com\/fr\/wp-json\/wp\/v2\/comments?post=2967"}],"version-history":[{"count":6,"href":"https:\/\/moros.com\/fr\/wp-json\/wp\/v2\/pages\/2967\/revisions"}],"predecessor-version":[{"id":3109,"href":"https:\/\/moros.com\/fr\/wp-json\/wp\/v2\/pages\/2967\/revisions\/3109"}],"wp:attachment":[{"href":"https:\/\/moros.com\/fr\/wp-json\/wp\/v2\/media?parent=2967"}],"curies":[{"name":"wp","href":"https:\/\/api.w.org\/{rel}","templated":true}]}}