{"id":2990,"date":"2023-02-15T16:09:07","date_gmt":"2023-02-15T16:09:07","guid":{"rendered":"https:\/\/moros.com\/aviso-legal\/"},"modified":"2024-11-25T15:07:57","modified_gmt":"2024-11-25T15:07:57","slug":"aviso-legal","status":"publish","type":"page","link":"https:\/\/moros.com\/fr\/aviso-legal\/","title":{"rendered":"Aviso legal"},"content":{"rendered":"<p><div class=\"fusion-fullwidth fullwidth-box fusion-builder-row-1 fusion-flex-container has-pattern-background has-mask-background nonhundred-percent-fullwidth non-hundred-percent-height-scrolling\" style=\"--awb-border-radius-top-left:0px;--awb-border-radius-top-right:0px;--awb-border-radius-bottom-right:0px;--awb-border-radius-bottom-left:0px;--awb-background-color:var(--awb-color6);--awb-flex-wrap:wrap;\" ><div class=\"fusion-builder-row fusion-row fusion-flex-align-items-center fusion-flex-content-wrap\" style=\"max-width:1248px;margin-left: calc(-4% \/ 2 );margin-right: calc(-4% \/ 2 );\"><div class=\"fusion-layout-column fusion_builder_column fusion-builder-column-0 fusion_builder_column_1_1 1_1 fusion-flex-column\" style=\"--awb-bg-size:cover;--awb-width-large:100%;--awb-margin-top-large:0px;--awb-spacing-right-large:1.92%;--awb-margin-bottom-large:10px;--awb-spacing-left-large:1.92%;--awb-width-medium:100%;--awb-order-medium:0;--awb-spacing-right-medium:1.92%;--awb-spacing-left-medium:1.92%;--awb-width-small:100%;--awb-order-small:0;--awb-spacing-right-small:1.92%;--awb-spacing-left-small:1.92%;\"><div class=\"fusion-column-wrapper fusion-column-has-shadow fusion-flex-justify-content-flex-start fusion-content-layout-column\"><div class=\"fusion-title title fusion-title-1 fusion-sep-none fusion-title-text fusion-title-size-one\" style=\"--awb-text-color:var(--awb-color1);--awb-margin-bottom:5px;--awb-margin-top-small:10px;--awb-margin-right-small:0px;--awb-margin-bottom-small:10px;--awb-margin-left-small:0px;--awb-font-size:var(--awb-typography2-font-size);\"><h1 class=\"fusion-title-heading title-heading-left\" style=\"font-family:var(--awb-typography2-font-family);font-weight:var(--awb-typography2-font-weight);font-style:var(--awb-typography2-font-style);margin:0;letter-spacing:var(--awb-typography2-letter-spacing);text-transform:uppercase;font-size:1em;line-height:var(--awb-typography2-line-height);\">Aviso legal<\/h1><\/div><nav class=\"fusion-breadcrumbs awb-yoast-breadcrumbs fusion-breadcrumbs-1\" style=\"--awb-breadcrumb-sep:&#039;&gt;&#039;;\" aria-label=\"Breadcrumb\"><ol class=\"awb-breadcrumb-list\"><li class=\"fusion-breadcrumb-item awb-breadcrumb-sep awb-home\" ><a href=\"https:\/\/moros.com\/fr\/\" class=\"fusion-breadcrumb-link\"><span >Home<\/span><\/a><\/li><\/ol><\/nav><\/div><\/div><\/div><\/div>\n<div class=\"fusion-fullwidth fullwidth-box fusion-builder-row-2 fusion-flex-container has-pattern-background has-mask-background fusion-parallax-none nonhundred-percent-fullwidth non-hundred-percent-height-scrolling main-bg\" style=\"--awb-background-position:left top;--awb-border-radius-top-left:0px;--awb-border-radius-top-right:0px;--awb-border-radius-bottom-right:0px;--awb-border-radius-bottom-left:0px;--awb-margin-top:40px;--awb-background-image:url(&quot;https:\/\/moros.com\/wp-content\/uploads\/2023\/02\/bg-logo.svg&quot;);--awb-background-size:cover;--awb-flex-wrap:wrap;\" ><div class=\"fusion-builder-row fusion-row fusion-flex-align-items-flex-start fusion-flex-content-wrap\" style=\"max-width:1248px;margin-left: calc(-4% \/ 2 );margin-right: calc(-4% \/ 2 );\"><div class=\"fusion-layout-column fusion_builder_column fusion-builder-column-1 fusion_builder_column_1_1 1_1 fusion-flex-column\" style=\"--awb-bg-size:cover;--awb-width-large:100%;--awb-margin-top-large:0px;--awb-spacing-right-large:1.92%;--awb-margin-bottom-large:20px;--awb-spacing-left-large:1.92%;--awb-width-medium:100%;--awb-order-medium:0;--awb-spacing-right-medium:1.92%;--awb-spacing-left-medium:1.92%;--awb-width-small:100%;--awb-order-small:0;--awb-spacing-right-small:1.92%;--awb-spacing-left-small:1.92%;\"><div class=\"fusion-column-wrapper fusion-column-has-shadow fusion-flex-justify-content-flex-start fusion-content-layout-column\"><div class=\"fusion-text fusion-text-1 awb-text-cols fusion-text-columns-2\" style=\"--awb-font-size:0.9em;--awb-text-color:var(--awb-color4);--awb-columns:2;--awb-column-spacing:80px;--awb-column-min-width:100px;--awb-rule-style:4px dotted var(--awb-color6);--awb-margin-top:40px;\"><div>\n<p class=\"parr_Cook\">En cumplimiento de la Ley 34\/2002 de 11 de julio, de Servicios de la Sociedad de la Informaci\u00f3n y del Comercio Electr\u00f3nico le comunicamos la siguiente informaci\u00f3n:<\/p>\n<\/div>\n<div>\n<p class=\"parr_Cook\">Titular de este sitio: INDUSTRIAS HIDR\u00c1ULICAS, S.A.<br \/>\nNombre Comercial: MOROS<br \/>\nDomicilio social: Pol. Ind. de Malpica, c\/ E, 54-55<br \/>\nC.P. y localidad, Provincia y Estado: 50080 \u2013 ZARAGOZA \u2013 (Espa\u00f1a)<br \/>\nTel\u00e9fonos: + 34 976 573 410<br \/>\nFax: + 34 976 57 23 54<br \/>\nCIF: A-99329328<br \/>\nE-mail: <a href=\"mailto:web@moros.com\">web@moros.com<\/a><br \/>\nNombre del dominio \/ Web: <a href=\"http:\/\/moros.com\/\" target=\"_blank\" rel=\"noopener noreferrer\">www.moros.com<\/a><br \/>\nInscrita en el Registro Mercantil de Zaragoza, asiento 1079, folio 233, tomo 13 del diario.  <\/p>\n<\/div>\n<div>\n<p class=\"parr_Cook\">INDUSTRIAS HIDR\u00c1ULICAS, S.A. (en adelante MOROS) pone esta web a disposici\u00f3n de los usuarios de Internet con el fin tanto de proporcionar informaci\u00f3n sobre los productos o servicios ofrecidos por ella, as\u00ed como permitir a los usuarios realizar cualquier tipo de consulta o sugerencia a trav\u00e9s de correo postal a la direcci\u00f3n arriba indicada o a trav\u00e9s de esta p\u00e1gina web.<\/p>\n<p class=\"parr_Cook\">Los criterios seguidos por MOROS respecto a la utilizaci\u00f3n de los datos personales facilitados libre y voluntariamente por los usuarios son los que se mencionan en su Pol\u00edtica de Privacidad<\/p>\n<p class=\"parr_Cook\">MOROS podr\u00e1 efectuar, en cualquier momento y sin necesidad de previo aviso, modificaciones y actualizaciones sobre la informaci\u00f3n contenida en este sitio web o en su configuraci\u00f3n o presentaci\u00f3n. En consecuencia, no garantiza la plena eficacia de su p\u00e1gina web ni la inexistencia de algunos errores. Se compromete a modificar su sitio web cuando las circunstancias t\u00e9cnicas, organizativas lo estimen oportuno y en la mayor brevedad posible.  <\/p>\n<p class=\"parr_Cook\">Del mismo modo, el titular de este sitio web, MOROS, no se responsabiliza de los da\u00f1os directos o indirectos que puedan derivarse del uso de la p\u00e1gina web o sus contenidos. Tampoco se hace responsable de los da\u00f1os inform\u00e1ticos que pudieran ocasionar al usuario visitante el acceso a los contenidos de este sitio. No controla ni garantiza la ausencia de virus ni de otros elementos en los contenidos que puedan producir alteraciones en su sistema inform\u00e1tico (software y hardware) o en los documentos electr\u00f3nicos y ficheros almacenados en su sistema inform\u00e1tico.  <\/p>\n<p class=\"parr_Cook\">Todo enlace de terceros a este sitio web debe hacerse conforme a la buena fe y respetando los derechos del titular, debiendo comunicarse previamente al titular de este sitio arriba indicado. El enlace debe serlo a su p\u00e1gina principal, quedando expresamente prohibidos los \u201clinks profundos\u201d, el \u201cframing\u201d y cualquier otro aprovechamiento de los contenidos del sito web a favor de terceros, si no est\u00e1 autorizado. <\/p>\n<p class=\"parr_Cook\">La funci\u00f3n de los v\u00ednculos o enlaces que desde esta p\u00e1gina se establecen a otros sitios web, no implica que MOROS promocione, avale, garantice o recomiende ese sitio web. Dichos v\u00ednculos pueden llevarse a cabo s\u00f3lo a efectos de referencia.Todos los contenidos que se muestran en este sitio web y en especial, dise\u00f1os, textos, logos, marcas, botones o cualesquiera otros signos susceptibles de utilizaci\u00f3n industrial y comercial est\u00e1n sujetos a derechos de propiedad intelectual e industrial de MOROS o de terceros. <\/p>\n<p class=\"parr_Cook\">Los servicios de MOROS no est\u00e1n destinados a menores, por ello MOROS no solicita ni recoge informaci\u00f3n relativa a personas menores de edad. En caso de que quiera formular alguna sugerencia o comentario puede contactar con nosotros a trav\u00e9s de un correo electr\u00f3nico a: <a href=\"mailto:web@moros.com\">web@moros.com<\/a> <\/p>\n<\/div>\n<\/div><\/div><\/div><\/div><\/div><\/p>\n","protected":false},"excerpt":{"rendered":"","protected":false},"author":1,"featured_media":0,"parent":0,"menu_order":0,"comment_status":"closed","ping_status":"closed","template":"100-width.php","meta":{"footnotes":""},"class_list":["post-2990","page","type-page","status-publish","hentry"],"yoast_head":"<!-- This site is optimized with the Yoast SEO plugin v27.3 - https:\/\/yoast.com\/product\/yoast-seo-wordpress\/ -->\n<title>Aviso legal - MOROS Industrias Hidr\u00e1ulicas, s.a.<\/title>\n<meta name=\"description\" content=\"MOROS Industrias Hidr\u00e1ulicas, S.A. dise\u00f1a y fabrica prensas, cizallas y molinos trituradores para procesar chatarra y otros materiales. Aviso legal.\" \/>\n<meta name=\"robots\" content=\"index, follow, max-snippet:-1, max-image-preview:large, max-video-preview:-1\" \/>\n<link rel=\"canonical\" href=\"https:\/\/moros.com\/fr\/aviso-legal\/\" \/>\n<meta property=\"og:locale\" content=\"fr_FR\" \/>\n<meta property=\"og:type\" content=\"article\" \/>\n<meta property=\"og:title\" content=\"Aviso legal - MOROS Industrias Hidr\u00e1ulicas, s.a.\" \/>\n<meta property=\"og:description\" content=\"MOROS Industrias Hidr\u00e1ulicas, S.A. dise\u00f1a y fabrica prensas, cizallas y molinos trituradores para procesar chatarra y otros materiales. Aviso legal.\" \/>\n<meta property=\"og:url\" content=\"https:\/\/moros.com\/fr\/aviso-legal\/\" \/>\n<meta property=\"og:site_name\" content=\"MOROS Industrias Hidr\u00e1ulicas, s.a.\" \/>\n<meta property=\"article:modified_time\" content=\"2024-11-25T15:07:57+00:00\" \/>\n<meta name=\"twitter:card\" content=\"summary_large_image\" \/>\n<meta name=\"twitter:label1\" content=\"Dur\u00e9e de lecture estim\u00e9e\" \/>\n\t<meta name=\"twitter:data1\" content=\"5 minutes\" \/>\n<script type=\"application\/ld+json\" class=\"yoast-schema-graph\">{\"@context\":\"https:\\\/\\\/schema.org\",\"@graph\":[{\"@type\":\"WebPage\",\"@id\":\"https:\\\/\\\/moros.com\\\/fr\\\/aviso-legal\\\/\",\"url\":\"https:\\\/\\\/moros.com\\\/fr\\\/aviso-legal\\\/\",\"name\":\"Aviso legal - MOROS Industrias Hidr\u00e1ulicas, s.a.\",\"isPartOf\":{\"@id\":\"https:\\\/\\\/moros.com\\\/#website\"},\"datePublished\":\"2023-02-15T16:09:07+00:00\",\"dateModified\":\"2024-11-25T15:07:57+00:00\",\"description\":\"MOROS Industrias Hidr\u00e1ulicas, S.A. dise\u00f1a y fabrica prensas, cizallas y molinos trituradores para procesar chatarra y otros materiales. Aviso legal.\",\"inLanguage\":\"fr-FR\",\"potentialAction\":[{\"@type\":\"ReadAction\",\"target\":[\"https:\\\/\\\/moros.com\\\/fr\\\/aviso-legal\\\/\"]}]},{\"@type\":\"WebSite\",\"@id\":\"https:\\\/\\\/moros.com\\\/#website\",\"url\":\"https:\\\/\\\/moros.com\\\/\",\"name\":\"MOROS Industrias Hidr\u00e1ulicas, s.a.\",\"description\":\"Prensas y cizallas para chatarra\",\"potentialAction\":[{\"@type\":\"SearchAction\",\"target\":{\"@type\":\"EntryPoint\",\"urlTemplate\":\"https:\\\/\\\/moros.com\\\/?s={search_term_string}\"},\"query-input\":{\"@type\":\"PropertyValueSpecification\",\"valueRequired\":true,\"valueName\":\"search_term_string\"}}],\"inLanguage\":\"fr-FR\"}]}<\/script>\n<!-- \/ Yoast SEO plugin. -->","yoast_head_json":{"title":"Aviso legal - MOROS Industrias Hidr\u00e1ulicas, s.a.","description":"MOROS Industrias Hidr\u00e1ulicas, S.A. dise\u00f1a y fabrica prensas, cizallas y molinos trituradores para procesar chatarra y otros materiales. Aviso legal.","robots":{"index":"index","follow":"follow","max-snippet":"max-snippet:-1","max-image-preview":"max-image-preview:large","max-video-preview":"max-video-preview:-1"},"canonical":"https:\/\/moros.com\/fr\/aviso-legal\/","og_locale":"fr_FR","og_type":"article","og_title":"Aviso legal - MOROS Industrias Hidr\u00e1ulicas, s.a.","og_description":"MOROS Industrias Hidr\u00e1ulicas, S.A. dise\u00f1a y fabrica prensas, cizallas y molinos trituradores para procesar chatarra y otros materiales. Aviso legal.","og_url":"https:\/\/moros.com\/fr\/aviso-legal\/","og_site_name":"MOROS Industrias Hidr\u00e1ulicas, s.a.","article_modified_time":"2024-11-25T15:07:57+00:00","twitter_card":"summary_large_image","twitter_misc":{"Dur\u00e9e de lecture estim\u00e9e":"5 minutes"},"schema":{"@context":"https:\/\/schema.org","@graph":[{"@type":"WebPage","@id":"https:\/\/moros.com\/fr\/aviso-legal\/","url":"https:\/\/moros.com\/fr\/aviso-legal\/","name":"Aviso legal - MOROS Industrias Hidr\u00e1ulicas, s.a.","isPartOf":{"@id":"https:\/\/moros.com\/#website"},"datePublished":"2023-02-15T16:09:07+00:00","dateModified":"2024-11-25T15:07:57+00:00","description":"MOROS Industrias Hidr\u00e1ulicas, S.A. dise\u00f1a y fabrica prensas, cizallas y molinos trituradores para procesar chatarra y otros materiales. Aviso legal.","inLanguage":"fr-FR","potentialAction":[{"@type":"ReadAction","target":["https:\/\/moros.com\/fr\/aviso-legal\/"]}]},{"@type":"WebSite","@id":"https:\/\/moros.com\/#website","url":"https:\/\/moros.com\/","name":"MOROS Industrias Hidr\u00e1ulicas, s.a.","description":"Prensas y cizallas para chatarra","potentialAction":[{"@type":"SearchAction","target":{"@type":"EntryPoint","urlTemplate":"https:\/\/moros.com\/?s={search_term_string}"},"query-input":{"@type":"PropertyValueSpecification","valueRequired":true,"valueName":"search_term_string"}}],"inLanguage":"fr-FR"}]}},"_links":{"self":[{"href":"https:\/\/moros.com\/fr\/wp-json\/wp\/v2\/pages\/2990","targetHints":{"allow":["GET"]}}],"collection":[{"href":"https:\/\/moros.com\/fr\/wp-json\/wp\/v2\/pages"}],"about":[{"href":"https:\/\/moros.com\/fr\/wp-json\/wp\/v2\/types\/page"}],"author":[{"embeddable":true,"href":"https:\/\/moros.com\/fr\/wp-json\/wp\/v2\/users\/1"}],"replies":[{"embeddable":true,"href":"https:\/\/moros.com\/fr\/wp-json\/wp\/v2\/comments?post=2990"}],"version-history":[{"count":1,"href":"https:\/\/moros.com\/fr\/wp-json\/wp\/v2\/pages\/2990\/revisions"}],"predecessor-version":[{"id":2993,"href":"https:\/\/moros.com\/fr\/wp-json\/wp\/v2\/pages\/2990\/revisions\/2993"}],"wp:attachment":[{"href":"https:\/\/moros.com\/fr\/wp-json\/wp\/v2\/media?parent=2990"}],"curies":[{"name":"wp","href":"https:\/\/api.w.org\/{rel}","templated":true}]}}